{"id":82,"date":"2025-07-21T15:01:46","date_gmt":"2025-07-21T13:01:46","guid":{"rendered":"https:\/\/www.hego-for-boutiques.com\/accueil\/"},"modified":"2025-07-24T16:17:12","modified_gmt":"2025-07-24T14:17:12","slug":"accueil","status":"publish","type":"page","link":"https:\/\/www.hego-for-boutiques.com\/es\/","title":{"rendered":"Inicio"},"content":{"rendered":"\n<div class=\"wp-block-cover alignfull is-light has-palette-2-background-color\" style=\"min-height:100vh;aspect-ratio:unset;\"><img loading=\"lazy\" decoding=\"async\" width=\"1024\" height=\"683\" class=\"wp-block-cover__image-background wp-image-8 size-large\" alt=\"\" src=\"https:\/\/www.hego-for-boutiques.com\/wp-content\/uploads\/2025\/07\/intro-1024x683.jpg\" data-object-fit=\"cover\" srcset=\"https:\/\/www.hego-for-boutiques.com\/wp-content\/uploads\/2025\/07\/intro-1024x683.jpg 1024w, https:\/\/www.hego-for-boutiques.com\/wp-content\/uploads\/2025\/07\/intro-300x200.jpg 300w, https:\/\/www.hego-for-boutiques.com\/wp-content\/uploads\/2025\/07\/intro-768x512.jpg 768w, https:\/\/www.hego-for-boutiques.com\/wp-content\/uploads\/2025\/07\/intro-1536x1025.jpg 1536w, https:\/\/www.hego-for-boutiques.com\/wp-content\/uploads\/2025\/07\/intro-2048x1366.jpg 2048w, https:\/\/www.hego-for-boutiques.com\/wp-content\/uploads\/2025\/07\/intro-680x453.jpg 680w\" sizes=\"auto, (max-width: 1024px) 100vw, 1024px\" \/><span aria-hidden=\"true\" class=\"wp-block-cover__background has-background-dim-0 has-background-dim\" style=\"background-color:#958a7e\"><\/span><div class=\"wp-block-cover__inner-container is-layout-flow wp-block-cover-is-layout-flow\">\n<div style=\"height:100px\" aria-hidden=\"true\" class=\"wp-block-spacer has-20vmax-min-height\"><\/div>\n\n\n<div class=\"alignwide-wrap\" data-block=\"columns\">\n<div class=\"wp-block-columns alignwide\">\n<div class=\"wp-block-column\" style=\"flex-basis:61.8%\"><\/div>\n\n\n\n<div class=\"wp-block-column\" style=\"flex-basis:38.2%\">\n<h1 class=\"wp-block-heading\">A MEDIDA<\/h1>\n\n\n\n<p class=\"has-large-font-size\">Dise\u00f1o y fabricaci\u00f3n de perchas de lujo y accesorios de exposici\u00f3n para tiendas.<\/p>\n<\/div>\n<\/div>\n<\/div><\/div><\/div>\n<div class=\"alignwide-wrap\" data-block=\"gallery\">\n<figure class=\"wp-block-gallery alignwide has-nested-images columns-default is-cropped is-style-no-margin-vertical wp-block-gallery-1 is-layout-flex wp-block-gallery-is-layout-flex\">\n<figure class=\"wp-block-image size-full\"><img loading=\"lazy\" decoding=\"async\" width=\"700\" height=\"700\" data-id=\"9\" src=\"https:\/\/www.hego-for-boutiques.com\/wp-content\/uploads\/2025\/07\/accessoires-maroquinerie.jpg\" alt=\"\" class=\"wp-image-9\" srcset=\"https:\/\/www.hego-for-boutiques.com\/wp-content\/uploads\/2025\/07\/accessoires-maroquinerie.jpg 700w, https:\/\/www.hego-for-boutiques.com\/wp-content\/uploads\/2025\/07\/accessoires-maroquinerie-300x300.jpg 300w, https:\/\/www.hego-for-boutiques.com\/wp-content\/uploads\/2025\/07\/accessoires-maroquinerie-150x150.jpg 150w\" sizes=\"auto, (max-width: 700px) 100vw, 700px\" \/><figcaption class=\"wp-element-caption\"><a href=\"https:\/\/www.hego-for-boutiques.com\/es\/accesorios-de-piel\/\">MARROQUINER\u00cdA<br\/>A MEDIDA<\/a><\/figcaption><\/figure>\n\n\n\n<figure class=\"wp-block-image size-full\"><img loading=\"lazy\" decoding=\"async\" width=\"700\" height=\"700\" data-id=\"10\" src=\"https:\/\/www.hego-for-boutiques.com\/wp-content\/uploads\/2025\/07\/goodies-cuir.jpg\" alt=\"\" class=\"wp-image-10\" srcset=\"https:\/\/www.hego-for-boutiques.com\/wp-content\/uploads\/2025\/07\/goodies-cuir.jpg 700w, https:\/\/www.hego-for-boutiques.com\/wp-content\/uploads\/2025\/07\/goodies-cuir-300x300.jpg 300w, https:\/\/www.hego-for-boutiques.com\/wp-content\/uploads\/2025\/07\/goodies-cuir-150x150.jpg 150w\" sizes=\"auto, (max-width: 700px) 100vw, 700px\" \/><figcaption class=\"wp-element-caption\"><a href=\"https:\/\/www.hego-for-boutiques.com\/es\/accesorios-de-piel\/#goodies\">REGALOS A LOS CLIENTES<\/a><br\/><a href=\"https:\/\/www.hego-for-boutiques.com\/es\/accesorios-de-piel\/#goodies\">Y GOODIES<\/a><\/figcaption><\/figure>\n\n\n\n<figure class=\"wp-block-image size-full\"><img loading=\"lazy\" decoding=\"async\" width=\"700\" height=\"700\" data-id=\"11\" src=\"https:\/\/www.hego-for-boutiques.com\/wp-content\/uploads\/2025\/07\/cintre-bois.jpg\" alt=\"\" class=\"wp-image-11\" srcset=\"https:\/\/www.hego-for-boutiques.com\/wp-content\/uploads\/2025\/07\/cintre-bois.jpg 700w, https:\/\/www.hego-for-boutiques.com\/wp-content\/uploads\/2025\/07\/cintre-bois-300x300.jpg 300w, https:\/\/www.hego-for-boutiques.com\/wp-content\/uploads\/2025\/07\/cintre-bois-150x150.jpg 150w\" sizes=\"auto, (max-width: 700px) 100vw, 700px\" \/><figcaption class=\"wp-element-caption\"><a href=\"https:\/\/www.hego-for-boutiques.com\/es\/las-perchas\/#cintres-bois\">PERCHAS DE MADERA<br\/><\/a><\/figcaption><\/figure>\n\n\n\n<figure class=\"wp-block-image size-full\"><img loading=\"lazy\" decoding=\"async\" width=\"700\" height=\"700\" data-id=\"12\" src=\"https:\/\/www.hego-for-boutiques.com\/wp-content\/uploads\/2025\/07\/cintres-plexi.jpg\" alt=\"\" class=\"wp-image-12\" srcset=\"https:\/\/www.hego-for-boutiques.com\/wp-content\/uploads\/2025\/07\/cintres-plexi.jpg 700w, https:\/\/www.hego-for-boutiques.com\/wp-content\/uploads\/2025\/07\/cintres-plexi-300x300.jpg 300w, https:\/\/www.hego-for-boutiques.com\/wp-content\/uploads\/2025\/07\/cintres-plexi-150x150.jpg 150w\" sizes=\"auto, (max-width: 700px) 100vw, 700px\" \/><figcaption class=\"wp-element-caption\"><a href=\"https:\/\/www.hego-for-boutiques.com\/es\/las-perchas\/#cintre-plexi\">PERCHAS DE PLEXIGL\u00c1S<br\/>PMMA<\/a><\/figcaption><\/figure>\n\n\n\n<figure class=\"wp-block-image size-full\"><img loading=\"lazy\" decoding=\"async\" width=\"700\" height=\"700\" data-id=\"13\" src=\"https:\/\/www.hego-for-boutiques.com\/wp-content\/uploads\/2025\/07\/cintres-metal-alu.jpg\" alt=\"\" class=\"wp-image-13\" srcset=\"https:\/\/www.hego-for-boutiques.com\/wp-content\/uploads\/2025\/07\/cintres-metal-alu.jpg 700w, https:\/\/www.hego-for-boutiques.com\/wp-content\/uploads\/2025\/07\/cintres-metal-alu-300x300.jpg 300w, https:\/\/www.hego-for-boutiques.com\/wp-content\/uploads\/2025\/07\/cintres-metal-alu-150x150.jpg 150w\" sizes=\"auto, (max-width: 700px) 100vw, 700px\" \/><figcaption class=\"wp-element-caption\"><a href=\"https:\/\/www.hego-for-boutiques.com\/es\/las-perchas\/#cintres-metal\">PERCHAS<br\/>EN METAL<\/a><\/figcaption><\/figure>\n\n\n\n<figure class=\"wp-block-image size-full\"><img loading=\"lazy\" decoding=\"async\" width=\"700\" height=\"700\" data-id=\"14\" src=\"https:\/\/www.hego-for-boutiques.com\/wp-content\/uploads\/2025\/07\/marque-mon-cintre.jpg\" alt=\"\" class=\"wp-image-14\" srcset=\"https:\/\/www.hego-for-boutiques.com\/wp-content\/uploads\/2025\/07\/marque-mon-cintre.jpg 700w, https:\/\/www.hego-for-boutiques.com\/wp-content\/uploads\/2025\/07\/marque-mon-cintre-300x300.jpg 300w, https:\/\/www.hego-for-boutiques.com\/wp-content\/uploads\/2025\/07\/marque-mon-cintre-150x150.jpg 150w\" sizes=\"auto, (max-width: 700px) 100vw, 700px\" \/><figcaption class=\"wp-element-caption\"><a href=\"https:\/\/www.mon-cintre.com\/boutique\" target=\"_blank\" rel=\"noreferrer noopener\">PERCHAS<br\/>PARA VESTUARIOS<\/a><\/figcaption><\/figure>\n<\/figure>\n<\/div>\n<div style=\"height:52px\" aria-hidden=\"true\" class=\"wp-block-spacer\"><\/div>\n<div class=\"alignwide-wrap\" data-block=\"columns\">\n<div class=\"wp-block-columns alignwide are-vertically-aligned-center has-palette-2-color has-accent-background-color has-text-color has-background\">\n<div class=\"wp-block-column is-vertically-aligned-center\" style=\"flex-basis:60%\">\n<p class=\"has-normal-font-size\">Hego For Boutiques se especializa en encontrar soluciones adaptadas a las necesidades de las marcas de lujo y moda para sus tiendas, desde perchas a medida hasta embalajes de lujo y otros accesorios de trabajo en piel. <\/p>\n<\/div>\n\n\n\n<div class=\"wp-block-column\" style=\"flex-basis:10%\"><\/div>\n\n\n\n<div class=\"wp-block-column is-vertically-aligned-center\" style=\"flex-basis:30%\">\n<div class=\"wp-block-buttons is-layout-flex wp-block-buttons-is-layout-flex\">\n<div class=\"wp-block-button has-custom-width wp-block-button__width-100\"><a class=\"wp-block-button__link has-palette-3-color has-palette-2-background-color has-text-color has-background has-normal-font-size has-custom-font-size wp-element-button\" href=\"mailto:info@hego-for-boutiques.com\" rel=\"nofollow\">CONT\u00c1CTANOS \u2192<\/a><\/div>\n<\/div>\n<\/div>\n<\/div>\n<\/div>\n<figure class=\"wp-block-gallery alignfull has-nested-images columns-default is-cropped is-style-no-gaps wp-block-gallery-2 is-layout-flex wp-block-gallery-is-layout-flex\"><\/figure>\n","protected":false},"excerpt":{"rendered":"<div class=\"entry-summary\">\nHego For Boutiques se especializa en encontrar soluciones adaptadas a las necesidades de las marcas de lujo y moda para sus tiendas, desde perchas a medida hasta embalajes de lujo y otros&hellip;\n<\/div>\n<div class=\"link-more-container\"><a href=\"https:\/\/www.hego-for-boutiques.com\/es\/\" class=\"link-more\" aria-label=\"Continue reading Inicio\">Continue reading&hellip;<\/a><\/div>\n","protected":false},"author":1,"featured_media":0,"parent":0,"menu_order":0,"comment_status":"closed","ping_status":"closed","template":"templates\/no-intro-header-overlaid-light.php","meta":{"footnotes":""},"class_list":["post-82","page","type-page","status-publish","hentry","entry","entry-type-page"],"_links":{"self":[{"href":"https:\/\/www.hego-for-boutiques.com\/es\/wp-json\/wp\/v2\/pages\/82","targetHints":{"allow":["GET"]}}],"collection":[{"href":"https:\/\/www.hego-for-boutiques.com\/es\/wp-json\/wp\/v2\/pages"}],"about":[{"href":"https:\/\/www.hego-for-boutiques.com\/es\/wp-json\/wp\/v2\/types\/page"}],"author":[{"embeddable":true,"href":"https:\/\/www.hego-for-boutiques.com\/es\/wp-json\/wp\/v2\/users\/1"}],"replies":[{"embeddable":true,"href":"https:\/\/www.hego-for-boutiques.com\/es\/wp-json\/wp\/v2\/comments?post=82"}],"version-history":[{"count":4,"href":"https:\/\/www.hego-for-boutiques.com\/es\/wp-json\/wp\/v2\/pages\/82\/revisions"}],"predecessor-version":[{"id":180,"href":"https:\/\/www.hego-for-boutiques.com\/es\/wp-json\/wp\/v2\/pages\/82\/revisions\/180"}],"wp:attachment":[{"href":"https:\/\/www.hego-for-boutiques.com\/es\/wp-json\/wp\/v2\/media?parent=82"}],"curies":[{"name":"wp","href":"https:\/\/api.w.org\/{rel}","templated":true}]}}