{"id":126,"date":"2025-07-21T15:14:15","date_gmt":"2025-07-21T13:14:15","guid":{"rendered":"https:\/\/www.hego-for-boutiques.com\/servicios\/"},"modified":"2025-07-24T16:33:27","modified_gmt":"2025-07-24T14:33:27","slug":"servicios","status":"publish","type":"page","link":"https:\/\/www.hego-for-boutiques.com\/es\/servicios\/","title":{"rendered":"Servicios"},"content":{"rendered":"\n<div class=\"wp-block-cover alignfull has-palette-2-background-color\" style=\"min-height:539px;aspect-ratio:unset;\"><img loading=\"lazy\" decoding=\"async\" width=\"1024\" height=\"683\" class=\"wp-block-cover__image-background wp-image-239 size-large\" alt=\"\" src=\"https:\/\/www.hego-for-boutiques.com\/wp-content\/uploads\/2025\/07\/cintres-production-1024x683.jpg\" data-object-fit=\"cover\" srcset=\"https:\/\/www.hego-for-boutiques.com\/wp-content\/uploads\/2025\/07\/cintres-production-1024x683.jpg 1024w, https:\/\/www.hego-for-boutiques.com\/wp-content\/uploads\/2025\/07\/cintres-production-300x200.jpg 300w, https:\/\/www.hego-for-boutiques.com\/wp-content\/uploads\/2025\/07\/cintres-production-768x512.jpg 768w, https:\/\/www.hego-for-boutiques.com\/wp-content\/uploads\/2025\/07\/cintres-production-1536x1024.jpg 1536w, https:\/\/www.hego-for-boutiques.com\/wp-content\/uploads\/2025\/07\/cintres-production-2048x1365.jpg 2048w, https:\/\/www.hego-for-boutiques.com\/wp-content\/uploads\/2025\/07\/cintres-production-680x453.jpg 680w\" sizes=\"auto, (max-width: 1024px) 100vw, 1024px\" \/><span aria-hidden=\"true\" class=\"wp-block-cover__background has-background-dim-0 has-background-dim\" style=\"background-color:#777574\"><\/span><div class=\"wp-block-cover__inner-container is-layout-flow wp-block-cover-is-layout-flow\">\n<div style=\"height:120px\" aria-hidden=\"true\" class=\"wp-block-spacer has-20vmax-min-height\"><\/div>\n\n\n<div class=\"alignwide-wrap\" data-block=\"columns\">\n<div class=\"wp-block-columns alignwide\">\n<div class=\"wp-block-column\" style=\"flex-basis:61.8%\"><\/div>\n\n\n\n<div class=\"wp-block-column\" style=\"flex-basis:38.2%\">\n<h2 class=\"wp-block-heading\">TRANSPARENCIA Y EFICIENCIA<\/h2>\n\n\n\n<p class=\"has-large-font-size\">Su tranquilidad y satisfacci\u00f3n est\u00e1n en el centro de nuestras preocupaciones.<\/p>\n<\/div>\n<\/div>\n<\/div><\/div><\/div>\n\n<div style=\"height:100px\" aria-hidden=\"true\" class=\"wp-block-spacer\"><\/div>\n\n<div class=\"wp-block-columns alignfull\">\n<div class=\"wp-block-column\" style=\"flex-basis:50%\">\n<figure class=\"wp-block-image size-full\"><img loading=\"lazy\" decoding=\"async\" width=\"1292\" height=\"700\" src=\"https:\/\/www.hego-for-boutiques.com\/wp-content\/uploads\/2025\/07\/ecoute-client.jpg\" alt=\"\" class=\"wp-image-242\" srcset=\"https:\/\/www.hego-for-boutiques.com\/wp-content\/uploads\/2025\/07\/ecoute-client.jpg 1292w, https:\/\/www.hego-for-boutiques.com\/wp-content\/uploads\/2025\/07\/ecoute-client-300x163.jpg 300w, https:\/\/www.hego-for-boutiques.com\/wp-content\/uploads\/2025\/07\/ecoute-client-1024x555.jpg 1024w, https:\/\/www.hego-for-boutiques.com\/wp-content\/uploads\/2025\/07\/ecoute-client-768x416.jpg 768w\" sizes=\"auto, (max-width: 1292px) 100vw, 1292px\" \/><\/figure>\n<\/div>\n\n\n\n<div class=\"wp-block-column is-vertically-aligned-center\" style=\"flex-basis:50%\">\n<h2 class=\"wp-block-heading has-large-font-size\">Ante todo, al servicio del cliente<\/h2>\n\n\n\n<p class=\"has-normal-font-size\">Nuestra prioridad, por supuesto, es satisfacer a usted, nuestro cliente o futuro cliente. Escuchamos sus necesidades y requisitos y trabajamos de la mano con sus expertos en compras y dise\u00f1o de tiendas. Pero tambi\u00e9n estamos aqu\u00ed para poner a su disposici\u00f3n nuestra experiencia, para asesorarle sobre los productos adaptados a cada uso, las limitaciones vinculadas a las regiones clim\u00e1ticas de sus tiendas, las soluciones para el mejor mantenimiento y cuidado de la ropa, el calzado y otros productos.<\/p>\n<\/div>\n<\/div>\n<div class=\"alignwide-wrap\" data-block=\"columns\">\n<div class=\"wp-block-columns alignwide is-style-no-margin-vertical\">\n<div class=\"wp-block-column is-vertically-aligned-center\" style=\"flex-basis:50%\">\n<h2 class=\"wp-block-heading has-large-font-size\">El control de producci\u00f3n, un punto esencial<\/h2>\n\n\n\n<p class=\"has-normal-font-size\">No dejamos en manos de otros la supervisi\u00f3n del buen funcionamiento de las etapas de producci\u00f3n. Desde el prototipo hasta el embalaje del producto y el control de calidad, siempre estamos all\u00ed en persona para comprobar que todo va bien.<\/p>\n<\/div>\n\n\n\n<div class=\"wp-block-column\" style=\"flex-basis:50%\">\n<figure class=\"wp-block-image size-full\"><img loading=\"lazy\" decoding=\"async\" width=\"1292\" height=\"700\" src=\"https:\/\/www.hego-for-boutiques.com\/wp-content\/uploads\/2025\/07\/controle-qualite.jpg\" alt=\"\" class=\"wp-image-245\" srcset=\"https:\/\/www.hego-for-boutiques.com\/wp-content\/uploads\/2025\/07\/controle-qualite.jpg 1292w, https:\/\/www.hego-for-boutiques.com\/wp-content\/uploads\/2025\/07\/controle-qualite-300x163.jpg 300w, https:\/\/www.hego-for-boutiques.com\/wp-content\/uploads\/2025\/07\/controle-qualite-1024x555.jpg 1024w, https:\/\/www.hego-for-boutiques.com\/wp-content\/uploads\/2025\/07\/controle-qualite-768x416.jpg 768w\" sizes=\"auto, (max-width: 1292px) 100vw, 1292px\" \/><\/figure>\n<\/div>\n<\/div>\n<\/div><div class=\"alignwide-wrap\" data-block=\"columns\">\n<div class=\"wp-block-columns alignwide\">\n<div class=\"wp-block-column\" style=\"flex-basis:50%\">\n<figure class=\"wp-block-image size-full\"><img loading=\"lazy\" decoding=\"async\" width=\"1292\" height=\"700\" src=\"https:\/\/www.hego-for-boutiques.com\/wp-content\/uploads\/2025\/07\/logistique-transport.jpg\" alt=\"\" class=\"wp-image-248\" srcset=\"https:\/\/www.hego-for-boutiques.com\/wp-content\/uploads\/2025\/07\/logistique-transport.jpg 1292w, https:\/\/www.hego-for-boutiques.com\/wp-content\/uploads\/2025\/07\/logistique-transport-300x163.jpg 300w, https:\/\/www.hego-for-boutiques.com\/wp-content\/uploads\/2025\/07\/logistique-transport-1024x555.jpg 1024w, https:\/\/www.hego-for-boutiques.com\/wp-content\/uploads\/2025\/07\/logistique-transport-768x416.jpg 768w\" sizes=\"auto, (max-width: 1292px) 100vw, 1292px\" \/><\/figure>\n<\/div>\n\n\n\n<div class=\"wp-block-column is-vertically-aligned-center\" style=\"flex-basis:50%\">\n<h2 class=\"wp-block-heading has-large-font-size\">Log\u00edstica bajo control<\/h2>\n\n\n\n<p class=\"has-normal-font-size\">Gracias a nuestros socios de transporte de confianza, garantizamos entregas fiables y eficientes, por barco o por avi\u00f3n, seg\u00fan sus necesidades. Entregamos tus pedidos en tus almacenes o directamente en tus tiendas, en cualquier parte del mundo.<\/p>\n<\/div>\n<\/div>\n<\/div>\n<div style=\"height:150px\" aria-hidden=\"true\" class=\"wp-block-spacer\"><\/div>\n\n<figure class=\"wp-block-gallery alignfull has-nested-images columns-default is-cropped is-style-no-gaps wp-block-gallery-1 is-layout-flex wp-block-gallery-is-layout-flex\"><\/figure>\n","protected":false},"excerpt":{"rendered":"<div class=\"entry-summary\">\nAnte todo, al servicio del cliente Nuestra prioridad, por supuesto, es satisfacer a usted, nuestro cliente o futuro cliente. Escuchamos sus necesidades y requisitos y trabajamos de la mano con sus expertos&hellip;\n<\/div>\n<div class=\"link-more-container\"><a href=\"https:\/\/www.hego-for-boutiques.com\/es\/servicios\/\" class=\"link-more\" aria-label=\"Continue reading Servicios\">Continue reading&hellip;<\/a><\/div>\n","protected":false},"author":1,"featured_media":0,"parent":0,"menu_order":0,"comment_status":"closed","ping_status":"closed","template":"templates\/no-intro.php","meta":{"footnotes":""},"class_list":["post-126","page","type-page","status-publish","hentry","entry","entry-type-page"],"_links":{"self":[{"href":"https:\/\/www.hego-for-boutiques.com\/es\/wp-json\/wp\/v2\/pages\/126","targetHints":{"allow":["GET"]}}],"collection":[{"href":"https:\/\/www.hego-for-boutiques.com\/es\/wp-json\/wp\/v2\/pages"}],"about":[{"href":"https:\/\/www.hego-for-boutiques.com\/es\/wp-json\/wp\/v2\/types\/page"}],"author":[{"embeddable":true,"href":"https:\/\/www.hego-for-boutiques.com\/es\/wp-json\/wp\/v2\/users\/1"}],"replies":[{"embeddable":true,"href":"https:\/\/www.hego-for-boutiques.com\/es\/wp-json\/wp\/v2\/comments?post=126"}],"version-history":[{"count":2,"href":"https:\/\/www.hego-for-boutiques.com\/es\/wp-json\/wp\/v2\/pages\/126\/revisions"}],"predecessor-version":[{"id":253,"href":"https:\/\/www.hego-for-boutiques.com\/es\/wp-json\/wp\/v2\/pages\/126\/revisions\/253"}],"wp:attachment":[{"href":"https:\/\/www.hego-for-boutiques.com\/es\/wp-json\/wp\/v2\/media?parent=126"}],"curies":[{"name":"wp","href":"https:\/\/api.w.org\/{rel}","templated":true}]}}