{"id":122,"date":"2025-07-21T15:05:35","date_gmt":"2025-07-21T13:05:35","guid":{"rendered":"https:\/\/www.hego-for-boutiques.com\/accesorios-de-piel\/"},"modified":"2025-07-24T16:13:42","modified_gmt":"2025-07-24T14:13:42","slug":"accesorios-de-piel","status":"publish","type":"page","link":"https:\/\/www.hego-for-boutiques.com\/es\/accesorios-de-piel\/","title":{"rendered":"Accesorios de piel"},"content":{"rendered":"\n<div class=\"wp-block-cover alignfull is-light has-palette-2-background-color\" style=\"min-height:395px;aspect-ratio:unset;\"><img loading=\"lazy\" decoding=\"async\" width=\"1024\" height=\"719\" class=\"wp-block-cover__image-background wp-image-131 size-large\" alt=\"\" src=\"https:\/\/www.hego-for-boutiques.com\/wp-content\/uploads\/2025\/07\/sur-mesure-cuir-1024x719.jpg\" data-object-fit=\"cover\" srcset=\"https:\/\/www.hego-for-boutiques.com\/wp-content\/uploads\/2025\/07\/sur-mesure-cuir-1024x719.jpg 1024w, https:\/\/www.hego-for-boutiques.com\/wp-content\/uploads\/2025\/07\/sur-mesure-cuir-300x211.jpg 300w, https:\/\/www.hego-for-boutiques.com\/wp-content\/uploads\/2025\/07\/sur-mesure-cuir-768x539.jpg 768w, https:\/\/www.hego-for-boutiques.com\/wp-content\/uploads\/2025\/07\/sur-mesure-cuir-1536x1079.jpg 1536w, https:\/\/www.hego-for-boutiques.com\/wp-content\/uploads\/2025\/07\/sur-mesure-cuir-2048x1439.jpg 2048w\" sizes=\"auto, (max-width: 1024px) 100vw, 1024px\" \/><span aria-hidden=\"true\" class=\"wp-block-cover__background has-background-dim-0 has-background-dim\" style=\"background-color:#8c8174\"><\/span><div class=\"wp-block-cover__inner-container is-layout-flow wp-block-cover-is-layout-flow\">\n<div style=\"height:100px\" aria-hidden=\"true\" class=\"wp-block-spacer has-20vmax-min-height\"><\/div>\n\n\n<div class=\"alignwide-wrap\" data-block=\"columns\">\n<div class=\"wp-block-columns alignwide\">\n<div class=\"wp-block-column\" style=\"flex-basis:61.8%\">\n<h1 class=\"wp-block-heading has-palette-3-color has-text-color has-link-color wp-elements-b7410e0c1021aa5b7d09ef1a2a3c9ff8\">ACCESORIOS DE PIEL<\/h1>\n\n\n\n<p class=\"has-palette-3-color has-text-color has-link-color has-normal-font-size wp-elements-cda3dea5817561ad2f3a54a56bc34412\">Exclusivamente para <strong>PRODUCCIONES A MEDIDA<\/strong>, creamos tus accesorios y herramientas de presentaci\u00f3n para tus tiendas, restaurantes u hoteles.<\/p>\n<\/div>\n\n\n\n<div class=\"wp-block-column\" style=\"flex-basis:38.2%\"><\/div>\n<\/div>\n<\/div><\/div><\/div>\n\n<div class=\"wp-block-group alignfull\"><div class=\"wp-block-group__inner-container is-layout-constrained wp-block-group-is-layout-constrained\"><\/div><\/div>\n\n<div class=\"wp-block-group alignfull\"><div class=\"wp-block-group__inner-container is-layout-flow wp-block-group-is-layout-flow\"><div class=\"alignwide-wrap\" data-block=\"gallery\">\n<figure class=\"wp-block-gallery alignwide has-nested-images columns-default is-cropped is-style-no-gaps has-no-margin-bottom wp-block-gallery-1 is-layout-flex wp-block-gallery-is-layout-flex\">\n<figure class=\"wp-block-image size-full\"><img loading=\"lazy\" decoding=\"async\" width=\"700\" height=\"1050\" data-id=\"134\" src=\"https:\/\/www.hego-for-boutiques.com\/wp-content\/uploads\/2025\/07\/porte-facture-clapet.jpg\" alt=\"\" class=\"wp-image-134\" srcset=\"https:\/\/www.hego-for-boutiques.com\/wp-content\/uploads\/2025\/07\/porte-facture-clapet.jpg 700w, https:\/\/www.hego-for-boutiques.com\/wp-content\/uploads\/2025\/07\/porte-facture-clapet-200x300.jpg 200w, https:\/\/www.hego-for-boutiques.com\/wp-content\/uploads\/2025\/07\/porte-facture-clapet-683x1024.jpg 683w\" sizes=\"auto, (max-width: 700px) 100vw, 700px\" \/><\/figure>\n\n\n\n<figure class=\"wp-block-image size-full\"><img loading=\"lazy\" decoding=\"async\" width=\"700\" height=\"1050\" data-id=\"137\" src=\"https:\/\/www.hego-for-boutiques.com\/wp-content\/uploads\/2025\/07\/coque-ipad-cuir-sur-mesure.jpg\" alt=\"\" class=\"wp-image-137\" srcset=\"https:\/\/www.hego-for-boutiques.com\/wp-content\/uploads\/2025\/07\/coque-ipad-cuir-sur-mesure.jpg 700w, https:\/\/www.hego-for-boutiques.com\/wp-content\/uploads\/2025\/07\/coque-ipad-cuir-sur-mesure-200x300.jpg 200w, https:\/\/www.hego-for-boutiques.com\/wp-content\/uploads\/2025\/07\/coque-ipad-cuir-sur-mesure-683x1024.jpg 683w\" sizes=\"auto, (max-width: 700px) 100vw, 700px\" \/><\/figure>\n\n\n\n<figure class=\"wp-block-image size-full\"><img loading=\"lazy\" decoding=\"async\" width=\"700\" height=\"1050\" data-id=\"140\" src=\"https:\/\/www.hego-for-boutiques.com\/wp-content\/uploads\/2025\/07\/presentoir-facture-en-cuir.jpg\" alt=\"\" class=\"wp-image-140\" srcset=\"https:\/\/www.hego-for-boutiques.com\/wp-content\/uploads\/2025\/07\/presentoir-facture-en-cuir.jpg 700w, https:\/\/www.hego-for-boutiques.com\/wp-content\/uploads\/2025\/07\/presentoir-facture-en-cuir-200x300.jpg 200w, https:\/\/www.hego-for-boutiques.com\/wp-content\/uploads\/2025\/07\/presentoir-facture-en-cuir-683x1024.jpg 683w\" sizes=\"auto, (max-width: 700px) 100vw, 700px\" \/><\/figure>\n\n\n\n<figure class=\"wp-block-image size-full\"><img loading=\"lazy\" decoding=\"async\" width=\"700\" height=\"1050\" data-id=\"143\" src=\"https:\/\/www.hego-for-boutiques.com\/wp-content\/uploads\/2025\/07\/languette-cuir-pour-pinces.jpg\" alt=\"\" class=\"wp-image-143\" srcset=\"https:\/\/www.hego-for-boutiques.com\/wp-content\/uploads\/2025\/07\/languette-cuir-pour-pinces.jpg 700w, https:\/\/www.hego-for-boutiques.com\/wp-content\/uploads\/2025\/07\/languette-cuir-pour-pinces-200x300.jpg 200w, https:\/\/www.hego-for-boutiques.com\/wp-content\/uploads\/2025\/07\/languette-cuir-pour-pinces-683x1024.jpg 683w\" sizes=\"auto, (max-width: 700px) 100vw, 700px\" \/><\/figure>\n\n\n\n<figure class=\"wp-block-image size-full\"><img loading=\"lazy\" decoding=\"async\" width=\"700\" height=\"1050\" data-id=\"146\" src=\"https:\/\/www.hego-for-boutiques.com\/wp-content\/uploads\/2025\/07\/petit-presentoir-facture-cuir.jpg\" alt=\"\" class=\"wp-image-146\" srcset=\"https:\/\/www.hego-for-boutiques.com\/wp-content\/uploads\/2025\/07\/petit-presentoir-facture-cuir.jpg 700w, https:\/\/www.hego-for-boutiques.com\/wp-content\/uploads\/2025\/07\/petit-presentoir-facture-cuir-200x300.jpg 200w, https:\/\/www.hego-for-boutiques.com\/wp-content\/uploads\/2025\/07\/petit-presentoir-facture-cuir-683x1024.jpg 683w\" sizes=\"auto, (max-width: 700px) 100vw, 700px\" \/><\/figure>\n\n\n\n<figure class=\"wp-block-image size-full\"><img decoding=\"async\" data-id=\"1003\" src=\"https:\/\/www.hego-for-boutiques.com\/Site2025\/wp-content\/uploads\/2025\/05\/blanc.jpg\" alt=\"\" class=\"wp-image-1003\"\/><\/figure>\n<\/figure>\n<\/div>\n\n<div class=\"alignwide-wrap\" data-block=\"columns\">\n<div class=\"wp-block-columns alignwide has-palette-3-color has-palette-2-background-color has-text-color has-background\">\n<div class=\"wp-block-column\" style=\"flex-basis:66.66%\">\n<h2 class=\"wp-block-heading is-style-uppercase has-palette-3-color has-text-color has-extra-large-font-size\"><strong><a href=\"#0\">ACCESORIOS PARA TIENDAS<\/a><\/strong><\/h2>\n\n\n\n<p class=\"has-normal-font-size\">Mejore la elegancia de sus presentaciones con accesorios de lujo dise\u00f1ados a medida. Dise\u00f1adas para las m\u00e1s refinadas tiendas y hoteles de lujo, nuestras creaciones se desarrollan a partir de sus planos o de nuestras propuestas originales, utilizando materiales nobles. Deje que nuestra experiencia mejore sus espacios.<\/p>\n<\/div>\n\n\n\n<div class=\"wp-block-column\" style=\"flex-basis:33.33%\">\n<p class=\"has-normal-font-size\">Personal\u00edzalo con tu logotipo impreso o en relieve.<\/p>\n\n\n\n<p class=\"has-small-font-size\">*M\u00ednimo 50 unidades por modelo<\/p>\n\n\n\n<div class=\"wp-block-buttons is-layout-flex wp-block-buttons-is-layout-flex\">\n<div class=\"wp-block-button\"><a class=\"wp-block-button__link has-palette-2-color has-palette-1-background-color has-text-color has-background wp-element-button\" href=\"mailto:info@hego-for-botuiques.com\">ENVIAR UNA SOLICITUD<\/a><\/div>\n<\/div>\n<\/div>\n<\/div>\n<\/div><\/div><\/div>\n\n<div style=\"height:100px\" aria-hidden=\"true\" class=\"wp-block-spacer\"><\/div>\n\n<div class=\"wp-block-group alignfull\"><div class=\"wp-block-group__inner-container is-layout-flow wp-block-group-is-layout-flow\"><div class=\"alignwide-wrap\" data-block=\"gallery\">\n<figure class=\"wp-block-gallery alignwide has-nested-images columns-default is-cropped is-style-no-gaps has-no-margin-bottom wp-block-gallery-2 is-layout-flex wp-block-gallery-is-layout-flex\">\n<figure class=\"wp-block-image size-full\"><img decoding=\"async\" data-id=\"1003\" src=\"https:\/\/www.hego-for-boutiques.com\/Site2025\/wp-content\/uploads\/2025\/05\/blanc.jpg\" alt=\"\" class=\"wp-image-1003\"\/><\/figure>\n\n\n\n<figure class=\"wp-block-image size-full\"><img loading=\"lazy\" decoding=\"async\" width=\"700\" height=\"1050\" data-id=\"150\" src=\"https:\/\/www.hego-for-boutiques.com\/wp-content\/uploads\/2025\/07\/pochette-bijoux-cheveux.jpg\" alt=\"\" class=\"wp-image-150\" srcset=\"https:\/\/www.hego-for-boutiques.com\/wp-content\/uploads\/2025\/07\/pochette-bijoux-cheveux.jpg 700w, https:\/\/www.hego-for-boutiques.com\/wp-content\/uploads\/2025\/07\/pochette-bijoux-cheveux-200x300.jpg 200w, https:\/\/www.hego-for-boutiques.com\/wp-content\/uploads\/2025\/07\/pochette-bijoux-cheveux-683x1024.jpg 683w\" sizes=\"auto, (max-width: 700px) 100vw, 700px\" \/><\/figure>\n\n\n\n<figure class=\"wp-block-image size-full\"><img loading=\"lazy\" decoding=\"async\" width=\"700\" height=\"1050\" data-id=\"153\" src=\"https:\/\/www.hego-for-boutiques.com\/wp-content\/uploads\/2025\/07\/packaging-bijou-cuir.jpg\" alt=\"\" class=\"wp-image-153\" srcset=\"https:\/\/www.hego-for-boutiques.com\/wp-content\/uploads\/2025\/07\/packaging-bijou-cuir.jpg 700w, https:\/\/www.hego-for-boutiques.com\/wp-content\/uploads\/2025\/07\/packaging-bijou-cuir-200x300.jpg 200w, https:\/\/www.hego-for-boutiques.com\/wp-content\/uploads\/2025\/07\/packaging-bijou-cuir-683x1024.jpg 683w\" sizes=\"auto, (max-width: 700px) 100vw, 700px\" \/><\/figure>\n<\/figure>\n<\/div>\n\n<div class=\"alignwide-wrap\" data-block=\"columns\">\n<div class=\"wp-block-columns alignwide has-palette-3-color has-palette-2-background-color has-text-color has-background\">\n<div class=\"wp-block-column\" style=\"flex-basis:66.66%\">\n<h2 class=\"wp-block-heading is-style-uppercase has-palette-3-color has-text-color has-extra-large-font-size\"><strong><a href=\"#0\">EMBALAJES DE LUJO<\/a><\/strong><\/h2>\n\n\n\n<p class=\"has-normal-font-size\">Dale vida a tu packaging de lujo con nuestra experiencia. Desarrollamos, en colaboraci\u00f3n con sus equipos, soluciones \u00fanicas en piel, polipiel o tejido, en funci\u00f3n de sus ideas y proyectos creativos. Nuestra experiencia garantiza una calidad impecable y un acabado perfecto.<\/p>\n<\/div>\n\n\n\n<div class=\"wp-block-column\" style=\"flex-basis:33.33%\">\n<p>Personal\u00edzalo con tu logotipo impreso o en relieve.<\/p>\n\n\n\n<p class=\"has-small-font-size\">*M\u00ednimo 250 unidades por modelo<\/p>\n\n\n\n<div class=\"wp-block-buttons is-layout-flex wp-block-buttons-is-layout-flex\">\n<div class=\"wp-block-button\"><a class=\"wp-block-button__link has-palette-2-color has-palette-1-background-color has-text-color has-background wp-element-button\" href=\"mailto:info@hego-for-boutiques.com\">ENVIAR UNA SOLICITUD<\/a><\/div>\n<\/div>\n<\/div>\n<\/div>\n<\/div><\/div><\/div>\n\n<div class=\"wp-block-group alignfull\"><div class=\"wp-block-group__inner-container is-layout-flow wp-block-group-is-layout-flow\"><div class=\"alignwide-wrap\" data-block=\"gallery\">\n<figure class=\"wp-block-gallery alignwide has-nested-images columns-default is-cropped is-style-no-gaps has-no-margin-bottom wp-block-gallery-3 is-layout-flex wp-block-gallery-is-layout-flex\">\n<figure class=\"wp-block-image size-full\" id=\"goodies\"><img loading=\"lazy\" decoding=\"async\" width=\"700\" height=\"1050\" data-id=\"156\" src=\"https:\/\/www.hego-for-boutiques.com\/wp-content\/uploads\/2025\/07\/porte-carte-cuir.jpg\" alt=\"\" class=\"wp-image-156\" srcset=\"https:\/\/www.hego-for-boutiques.com\/wp-content\/uploads\/2025\/07\/porte-carte-cuir.jpg 700w, https:\/\/www.hego-for-boutiques.com\/wp-content\/uploads\/2025\/07\/porte-carte-cuir-200x300.jpg 200w, https:\/\/www.hego-for-boutiques.com\/wp-content\/uploads\/2025\/07\/porte-carte-cuir-683x1024.jpg 683w\" sizes=\"auto, (max-width: 700px) 100vw, 700px\" \/><\/figure>\n\n\n\n<figure class=\"wp-block-image size-full\"><img loading=\"lazy\" decoding=\"async\" width=\"700\" height=\"1050\" data-id=\"160\" src=\"https:\/\/www.hego-for-boutiques.com\/wp-content\/uploads\/2025\/07\/pochette-cuir.jpg\" alt=\"\" class=\"wp-image-160\" srcset=\"https:\/\/www.hego-for-boutiques.com\/wp-content\/uploads\/2025\/07\/pochette-cuir.jpg 700w, https:\/\/www.hego-for-boutiques.com\/wp-content\/uploads\/2025\/07\/pochette-cuir-200x300.jpg 200w, https:\/\/www.hego-for-boutiques.com\/wp-content\/uploads\/2025\/07\/pochette-cuir-683x1024.jpg 683w\" sizes=\"auto, (max-width: 700px) 100vw, 700px\" \/><\/figure>\n\n\n\n<figure class=\"wp-block-image size-full\"><img loading=\"lazy\" decoding=\"async\" width=\"700\" height=\"1050\" data-id=\"163\" src=\"https:\/\/www.hego-for-boutiques.com\/wp-content\/uploads\/2025\/07\/etui-en-cuir-pour-mouchoirs-papier.jpg\" alt=\"\" class=\"wp-image-163\" srcset=\"https:\/\/www.hego-for-boutiques.com\/wp-content\/uploads\/2025\/07\/etui-en-cuir-pour-mouchoirs-papier.jpg 700w, https:\/\/www.hego-for-boutiques.com\/wp-content\/uploads\/2025\/07\/etui-en-cuir-pour-mouchoirs-papier-200x300.jpg 200w, https:\/\/www.hego-for-boutiques.com\/wp-content\/uploads\/2025\/07\/etui-en-cuir-pour-mouchoirs-papier-683x1024.jpg 683w\" sizes=\"auto, (max-width: 700px) 100vw, 700px\" \/><\/figure>\n\n\n\n<figure class=\"wp-block-image size-full\" id=\"goodies\"><img loading=\"lazy\" decoding=\"async\" width=\"700\" height=\"1050\" data-id=\"166\" src=\"https:\/\/www.hego-for-boutiques.com\/wp-content\/uploads\/2025\/07\/protege-club-golf-fer.jpg\" alt=\"\" class=\"wp-image-166\" srcset=\"https:\/\/www.hego-for-boutiques.com\/wp-content\/uploads\/2025\/07\/protege-club-golf-fer.jpg 700w, https:\/\/www.hego-for-boutiques.com\/wp-content\/uploads\/2025\/07\/protege-club-golf-fer-200x300.jpg 200w, https:\/\/www.hego-for-boutiques.com\/wp-content\/uploads\/2025\/07\/protege-club-golf-fer-683x1024.jpg 683w\" sizes=\"auto, (max-width: 700px) 100vw, 700px\" \/><\/figure>\n\n\n\n<figure class=\"wp-block-image size-full\"><img loading=\"lazy\" decoding=\"async\" width=\"700\" height=\"1050\" data-id=\"169\" src=\"https:\/\/www.hego-for-boutiques.com\/wp-content\/uploads\/2025\/07\/cover-club-golf-cuir.jpg\" alt=\"\" class=\"wp-image-169\" srcset=\"https:\/\/www.hego-for-boutiques.com\/wp-content\/uploads\/2025\/07\/cover-club-golf-cuir.jpg 700w, https:\/\/www.hego-for-boutiques.com\/wp-content\/uploads\/2025\/07\/cover-club-golf-cuir-200x300.jpg 200w, https:\/\/www.hego-for-boutiques.com\/wp-content\/uploads\/2025\/07\/cover-club-golf-cuir-683x1024.jpg 683w\" sizes=\"auto, (max-width: 700px) 100vw, 700px\" \/><\/figure>\n\n\n\n<figure class=\"wp-block-image size-full\"><img loading=\"lazy\" decoding=\"async\" width=\"700\" height=\"1050\" data-id=\"172\" src=\"https:\/\/www.hego-for-boutiques.com\/wp-content\/uploads\/2025\/07\/fourre-tout-cuir-pu.jpg\" alt=\"\" class=\"wp-image-172\" srcset=\"https:\/\/www.hego-for-boutiques.com\/wp-content\/uploads\/2025\/07\/fourre-tout-cuir-pu.jpg 700w, https:\/\/www.hego-for-boutiques.com\/wp-content\/uploads\/2025\/07\/fourre-tout-cuir-pu-200x300.jpg 200w, https:\/\/www.hego-for-boutiques.com\/wp-content\/uploads\/2025\/07\/fourre-tout-cuir-pu-683x1024.jpg 683w\" sizes=\"auto, (max-width: 700px) 100vw, 700px\" \/><\/figure>\n<\/figure>\n<\/div>\n\n<div class=\"alignwide-wrap\" data-block=\"columns\">\n<div class=\"wp-block-columns alignwide has-palette-3-color has-palette-2-background-color has-text-color has-background\">\n<div class=\"wp-block-column\" style=\"flex-basis:66.66%\">\n<h2 class=\"wp-block-heading is-style-uppercase has-palette-3-color has-text-color has-extra-large-font-size\"><strong>REGALOS Y GOODIES PARA CLIENTES<\/strong><\/h2>\n\n\n\n<p class=\"has-normal-font-size\">\u00a1Fortalece la imagen de tu marca con productos que causan impresi\u00f3n! Desde tarjeteros hasta porta pasaportes, pasando por bolsas y calzadores, ofrezca a sus clientes art\u00edculos \u00fatiles y memorables. Posibilidad de personalizaci\u00f3n para un m\u00e1ximo impacto. Cont\u00e1ctanos para recibir un presupuesto e ideas a medida.<\/p>\n<\/div>\n\n\n\n<div class=\"wp-block-column\" style=\"flex-basis:33.33%\">\n<p>Personal\u00edzalo con tu logo en relieve, bordado o impreso.<\/p>\n\n\n\n<p class=\"has-small-font-size\">*M\u00ednimo 50 unidades por modelo<\/p>\n\n\n\n<div class=\"wp-block-buttons is-layout-flex wp-block-buttons-is-layout-flex\">\n<div class=\"wp-block-button\"><a class=\"wp-block-button__link has-palette-2-color has-palette-1-background-color has-text-color has-background wp-element-button\" href=\"mailto:info@hego-for-boutiques.com\">ENVIAR UNA SOLICITUD<\/a><\/div>\n<\/div>\n<\/div>\n<\/div>\n<\/div><\/div><\/div>\n\n<div style=\"height:100px\" aria-hidden=\"true\" class=\"wp-block-spacer\"><\/div>\n<div class=\"alignwide-wrap\" data-block=\"columns\">\n<div class=\"wp-block-columns alignwide\"><\/div>\n<\/div>","protected":false},"excerpt":{"rendered":"<div class=\"entry-summary\">\nACCESORIOS PARA TIENDAS Mejore la elegancia de sus presentaciones con accesorios de lujo dise\u00f1ados a medida. Dise\u00f1adas para las m\u00e1s refinadas tiendas y hoteles de lujo, nuestras creaciones se desarrollan a partir&hellip;\n<\/div>\n<div class=\"link-more-container\"><a href=\"https:\/\/www.hego-for-boutiques.com\/es\/accesorios-de-piel\/\" class=\"link-more\" aria-label=\"Continue reading Accesorios de piel\">Continue reading&hellip;<\/a><\/div>\n","protected":false},"author":1,"featured_media":0,"parent":0,"menu_order":0,"comment_status":"closed","ping_status":"closed","template":"templates\/no-intro.php","meta":{"footnotes":""},"class_list":["post-122","page","type-page","status-publish","hentry","entry","entry-type-page"],"_links":{"self":[{"href":"https:\/\/www.hego-for-boutiques.com\/es\/wp-json\/wp\/v2\/pages\/122","targetHints":{"allow":["GET"]}}],"collection":[{"href":"https:\/\/www.hego-for-boutiques.com\/es\/wp-json\/wp\/v2\/pages"}],"about":[{"href":"https:\/\/www.hego-for-boutiques.com\/es\/wp-json\/wp\/v2\/types\/page"}],"author":[{"embeddable":true,"href":"https:\/\/www.hego-for-boutiques.com\/es\/wp-json\/wp\/v2\/users\/1"}],"replies":[{"embeddable":true,"href":"https:\/\/www.hego-for-boutiques.com\/es\/wp-json\/wp\/v2\/comments?post=122"}],"version-history":[{"count":3,"href":"https:\/\/www.hego-for-boutiques.com\/es\/wp-json\/wp\/v2\/pages\/122\/revisions"}],"predecessor-version":[{"id":177,"href":"https:\/\/www.hego-for-boutiques.com\/es\/wp-json\/wp\/v2\/pages\/122\/revisions\/177"}],"wp:attachment":[{"href":"https:\/\/www.hego-for-boutiques.com\/es\/wp-json\/wp\/v2\/media?parent=122"}],"curies":[{"name":"wp","href":"https:\/\/api.w.org\/{rel}","templated":true}]}}