{"id":105,"date":"2025-07-21T15:13:21","date_gmt":"2025-07-21T13:13:21","guid":{"rendered":"https:\/\/www.hego-for-boutiques.com\/las-perchas\/"},"modified":"2025-07-24T16:28:32","modified_gmt":"2025-07-24T14:28:32","slug":"las-perchas","status":"publish","type":"page","link":"https:\/\/www.hego-for-boutiques.com\/es\/las-perchas\/","title":{"rendered":"Las perchas"},"content":{"rendered":"\n<div class=\"wp-block-cover alignfull is-light has-palette-2-background-color\" style=\"min-height:395px;aspect-ratio:unset;\"><img loading=\"lazy\" decoding=\"async\" width=\"1024\" height=\"719\" class=\"wp-block-cover__image-background wp-image-187 size-large\" alt=\"production de cintres sur mesure\" src=\"https:\/\/www.hego-for-boutiques.com\/wp-content\/uploads\/2025\/07\/cintres-pour-boutiques-1024x719.jpg\" data-object-fit=\"cover\" srcset=\"https:\/\/www.hego-for-boutiques.com\/wp-content\/uploads\/2025\/07\/cintres-pour-boutiques-1024x719.jpg 1024w, https:\/\/www.hego-for-boutiques.com\/wp-content\/uploads\/2025\/07\/cintres-pour-boutiques-300x211.jpg 300w, https:\/\/www.hego-for-boutiques.com\/wp-content\/uploads\/2025\/07\/cintres-pour-boutiques-768x539.jpg 768w, https:\/\/www.hego-for-boutiques.com\/wp-content\/uploads\/2025\/07\/cintres-pour-boutiques-1536x1079.jpg 1536w, https:\/\/www.hego-for-boutiques.com\/wp-content\/uploads\/2025\/07\/cintres-pour-boutiques-2048x1439.jpg 2048w\" sizes=\"auto, (max-width: 1024px) 100vw, 1024px\" \/><span aria-hidden=\"true\" class=\"wp-block-cover__background has-background-dim-0 has-background-dim\" style=\"background-color:#d9d0c8\"><\/span><div class=\"wp-block-cover__inner-container is-layout-flow wp-block-cover-is-layout-flow\">\n<div style=\"height:100px\" aria-hidden=\"true\" class=\"wp-block-spacer has-20vmax-min-height\"><\/div>\n\n\n<div class=\"alignwide-wrap\" data-block=\"columns\">\n<div class=\"wp-block-columns alignwide\">\n<div class=\"wp-block-column\" style=\"flex-basis:61.8%\">\n<h1 class=\"wp-block-heading has-palette-2-color has-text-color has-link-color wp-elements-5d04f470f2891c50d730964fbb35a4ec\">LAS PERCHAS<\/h1>\n\n\n\n<p class=\"has-palette-2-color has-text-color has-link-color has-normal-font-size wp-elements-7eef186835c55da62aef093f1472bb64\"><strong>PRODUCCIONES PERSONALIZADAS<\/strong>: da vida a tus ideas. A partir de tus instrucciones, muestras o nuestras propuestas creativas, fabricamos perchas que se adaptan perfectamente a tus necesidades, est\u00e9tica y presupuesto. Calcula entre 1,5 y 3 meses para la fabricaci\u00f3n de perchas totalmente personalizadas.<\/p>\n<\/div>\n\n\n\n<div class=\"wp-block-column\" style=\"flex-basis:38.2%\"><\/div>\n<\/div>\n<\/div><\/div><\/div>\n\n<div class=\"wp-block-group alignfull\"><div class=\"wp-block-group__inner-container is-layout-constrained wp-block-group-is-layout-constrained\"><\/div><\/div>\n\n<div class=\"wp-block-group alignfull\"><div class=\"wp-block-group__inner-container is-layout-flow wp-block-group-is-layout-flow\"><div class=\"alignwide-wrap\" data-block=\"gallery\">\n<figure class=\"wp-block-gallery alignwide has-nested-images columns-default is-cropped is-style-no-gaps has-no-margin-bottom wp-block-gallery-1 is-layout-flex wp-block-gallery-is-layout-flex\">\n<figure class=\"wp-block-image size-full\" id=\"cintres-bois\"><img loading=\"lazy\" decoding=\"async\" width=\"700\" height=\"1050\" data-id=\"190\" src=\"https:\/\/www.hego-for-boutiques.com\/wp-content\/uploads\/2025\/07\/cintre-bois-col-creuse.jpg\" alt=\"percha de madera te&#xF1;ida, a medida\" class=\"wp-image-190\" srcset=\"https:\/\/www.hego-for-boutiques.com\/wp-content\/uploads\/2025\/07\/cintre-bois-col-creuse.jpg 700w, https:\/\/www.hego-for-boutiques.com\/wp-content\/uploads\/2025\/07\/cintre-bois-col-creuse-200x300.jpg 200w, https:\/\/www.hego-for-boutiques.com\/wp-content\/uploads\/2025\/07\/cintre-bois-col-creuse-683x1024.jpg 683w\" sizes=\"auto, (max-width: 700px) 100vw, 700px\" \/><\/figure>\n\n\n\n<figure class=\"wp-block-image size-full\"><img loading=\"lazy\" decoding=\"async\" width=\"700\" height=\"1050\" data-id=\"194\" src=\"https:\/\/www.hego-for-boutiques.com\/wp-content\/uploads\/2025\/07\/cintre-bois-brosse-crochet-plat.jpg\" alt=\"percha de madera negra para chaquetas, a medida\" class=\"wp-image-194\" srcset=\"https:\/\/www.hego-for-boutiques.com\/wp-content\/uploads\/2025\/07\/cintre-bois-brosse-crochet-plat.jpg 700w, https:\/\/www.hego-for-boutiques.com\/wp-content\/uploads\/2025\/07\/cintre-bois-brosse-crochet-plat-200x300.jpg 200w, https:\/\/www.hego-for-boutiques.com\/wp-content\/uploads\/2025\/07\/cintre-bois-brosse-crochet-plat-683x1024.jpg 683w\" sizes=\"auto, (max-width: 700px) 100vw, 700px\" \/><\/figure>\n\n\n\n<figure class=\"wp-block-image size-full\"><img decoding=\"async\" data-id=\"1139\" src=\"https:\/\/www.hego-for-boutiques.com\/Site2025\/wp-content\/uploads\/2025\/05\/cintre-bois-vernis-naturel.jpg\" alt=\"perchas de madera para tiendas\" class=\"wp-image-1139\"\/><\/figure>\n\n\n\n<figure class=\"wp-block-image size-full\"><img loading=\"lazy\" decoding=\"async\" width=\"700\" height=\"1050\" data-id=\"200\" src=\"https:\/\/www.hego-for-boutiques.com\/wp-content\/uploads\/2025\/07\/cintre-bois-teinte.jpg\" alt=\"colgador para tienda en madera te&#xF1;ida\" class=\"wp-image-200\" srcset=\"https:\/\/www.hego-for-boutiques.com\/wp-content\/uploads\/2025\/07\/cintre-bois-teinte.jpg 700w, https:\/\/www.hego-for-boutiques.com\/wp-content\/uploads\/2025\/07\/cintre-bois-teinte-200x300.jpg 200w, https:\/\/www.hego-for-boutiques.com\/wp-content\/uploads\/2025\/07\/cintre-bois-teinte-683x1024.jpg 683w\" sizes=\"auto, (max-width: 700px) 100vw, 700px\" \/><\/figure>\n\n\n\n<figure class=\"wp-block-image size-full\"><img loading=\"lazy\" decoding=\"async\" width=\"700\" height=\"1050\" data-id=\"197\" src=\"https:\/\/www.hego-for-boutiques.com\/wp-content\/uploads\/2025\/07\/cintre-bois-brut-gros-epaule.jpg\" alt=\"percha de madera en bruto para boutique de lujo\" class=\"wp-image-197\" srcset=\"https:\/\/www.hego-for-boutiques.com\/wp-content\/uploads\/2025\/07\/cintre-bois-brut-gros-epaule.jpg 700w, https:\/\/www.hego-for-boutiques.com\/wp-content\/uploads\/2025\/07\/cintre-bois-brut-gros-epaule-200x300.jpg 200w, https:\/\/www.hego-for-boutiques.com\/wp-content\/uploads\/2025\/07\/cintre-bois-brut-gros-epaule-683x1024.jpg 683w\" sizes=\"auto, (max-width: 700px) 100vw, 700px\" \/><\/figure>\n\n\n\n<figure class=\"wp-block-image size-full\"><img loading=\"lazy\" decoding=\"async\" width=\"700\" height=\"1050\" data-id=\"203\" src=\"https:\/\/www.hego-for-boutiques.com\/wp-content\/uploads\/2025\/07\/cintre-hotel-crochet-antivol-luxe.jpg\" alt=\"percha de madera hotel gancho antirrobo\" class=\"wp-image-203\" srcset=\"https:\/\/www.hego-for-boutiques.com\/wp-content\/uploads\/2025\/07\/cintre-hotel-crochet-antivol-luxe.jpg 700w, https:\/\/www.hego-for-boutiques.com\/wp-content\/uploads\/2025\/07\/cintre-hotel-crochet-antivol-luxe-200x300.jpg 200w, https:\/\/www.hego-for-boutiques.com\/wp-content\/uploads\/2025\/07\/cintre-hotel-crochet-antivol-luxe-683x1024.jpg 683w\" sizes=\"auto, (max-width: 700px) 100vw, 700px\" \/><\/figure>\n<\/figure>\n<\/div>\n\n<div class=\"alignwide-wrap\" data-block=\"columns\">\n<div class=\"wp-block-columns alignwide has-palette-3-color has-palette-2-background-color has-text-color has-background\">\n<div class=\"wp-block-column\" style=\"flex-basis:66.66%\">\n<h2 class=\"wp-block-heading is-style-uppercase has-palette-3-color has-text-color has-extra-large-font-size\"><strong><a href=\"#0\">Perchas de madera<\/a><\/strong><\/h2>\n\n\n\n<p class=\"has-normal-font-size\">Madera cruda , te\u00f1ida o lacada, elige la forma, las dimensiones y la especie que se adapten a tu dise\u00f1o. Env\u00edanos tus planos o muestras y reproduciremos fielmente tus perchas, o cu\u00e9ntanos tus necesidades y requisitos y te guiaremos en la elecci\u00f3n de la percha perfecta.<\/p>\n<\/div>\n\n\n\n<div class=\"wp-block-column\" style=\"flex-basis:33.33%\">\n<p class=\"has-normal-font-size\">A\u00f1ade las opciones necesarias, como una barra, pinzas, antideslizantes o muescas, sin olvidar tu logotipo.<\/p>\n\n\n\n<p class=\"has-small-font-size\">*M\u00ednimo de 350 a 500 perchas por referencia<\/p>\n\n\n\n<div class=\"wp-block-buttons is-layout-flex wp-block-buttons-is-layout-flex\">\n<div class=\"wp-block-button\"><a class=\"wp-block-button__link has-palette-2-color has-palette-1-background-color has-text-color has-background wp-element-button\" href=\"mailto:info@hego-for-boutiques.com\">ENVIAR UNA SOLICITUD<\/a><\/div>\n<\/div>\n<\/div>\n<\/div>\n<\/div><\/div><\/div>\n\n<div style=\"height:100px\" aria-hidden=\"true\" class=\"wp-block-spacer\"><\/div>\n\n<div class=\"wp-block-group alignfull\"><div class=\"wp-block-group__inner-container is-layout-flow wp-block-group-is-layout-flow\"><div class=\"alignwide-wrap\" data-block=\"gallery\">\n<figure class=\"wp-block-gallery alignwide has-nested-images columns-default is-cropped is-style-no-gaps has-no-margin-bottom wp-block-gallery-2 is-layout-flex wp-block-gallery-is-layout-flex\">\n<figure class=\"wp-block-image size-full\"><img loading=\"lazy\" decoding=\"async\" width=\"700\" height=\"1050\" data-id=\"206\" src=\"https:\/\/www.hego-for-boutiques.com\/wp-content\/uploads\/2025\/07\/cintre-hotel-bois-brut.jpg\" alt=\"percha de hotel madera bruta\" class=\"wp-image-206\" srcset=\"https:\/\/www.hego-for-boutiques.com\/wp-content\/uploads\/2025\/07\/cintre-hotel-bois-brut.jpg 700w, https:\/\/www.hego-for-boutiques.com\/wp-content\/uploads\/2025\/07\/cintre-hotel-bois-brut-200x300.jpg 200w, https:\/\/www.hego-for-boutiques.com\/wp-content\/uploads\/2025\/07\/cintre-hotel-bois-brut-683x1024.jpg 683w\" sizes=\"auto, (max-width: 700px) 100vw, 700px\" \/><\/figure>\n\n\n\n<figure class=\"wp-block-image size-full\"><img loading=\"lazy\" decoding=\"async\" width=\"700\" height=\"1050\" data-id=\"209\" src=\"https:\/\/www.hego-for-boutiques.com\/wp-content\/uploads\/2025\/07\/cintre-hotel-barre-.jpg\" alt=\"perchas de hotel con barra antideslizante\" class=\"wp-image-209\" srcset=\"https:\/\/www.hego-for-boutiques.com\/wp-content\/uploads\/2025\/07\/cintre-hotel-barre-.jpg 700w, https:\/\/www.hego-for-boutiques.com\/wp-content\/uploads\/2025\/07\/cintre-hotel-barre--200x300.jpg 200w, https:\/\/www.hego-for-boutiques.com\/wp-content\/uploads\/2025\/07\/cintre-hotel-barre--683x1024.jpg 683w\" sizes=\"auto, (max-width: 700px) 100vw, 700px\" \/><\/figure>\n\n\n\n<figure class=\"wp-block-image size-full\"><img loading=\"lazy\" decoding=\"async\" width=\"700\" height=\"1050\" data-id=\"212\" src=\"https:\/\/www.hego-for-boutiques.com\/wp-content\/uploads\/2025\/07\/cintres-hotel-.jpg\" alt=\"perchas de madera para tiendas y hoteles\" class=\"wp-image-212\" srcset=\"https:\/\/www.hego-for-boutiques.com\/wp-content\/uploads\/2025\/07\/cintres-hotel-.jpg 700w, https:\/\/www.hego-for-boutiques.com\/wp-content\/uploads\/2025\/07\/cintres-hotel--200x300.jpg 200w, https:\/\/www.hego-for-boutiques.com\/wp-content\/uploads\/2025\/07\/cintres-hotel--683x1024.jpg 683w\" sizes=\"auto, (max-width: 700px) 100vw, 700px\" \/><\/figure>\n<\/figure>\n<\/div>\n\n<div class=\"alignwide-wrap\" data-block=\"columns\">\n<div class=\"wp-block-columns alignwide has-palette-3-color has-palette-2-background-color has-text-color has-background\">\n<div class=\"wp-block-column\" style=\"flex-basis:66.66%\">\n<h2 class=\"wp-block-heading is-style-uppercase has-palette-3-color has-text-color has-extra-large-font-size\"><strong><a href=\"#0\">Perchas cl\u00e1sicas de madera<\/a><\/strong><\/h2>\n\n\n\n<p class=\"has-normal-font-size\">Perchas de madera de formas m\u00e1s cl\u00e1sicas para grandes cantidades, la soluci\u00f3n ideal para proyectos hoteleros y marcas de moda.  <\/p>\n<\/div>\n\n\n\n<div class=\"wp-block-column\" style=\"flex-basis:33.33%\">\n<p>A\u00f1ade las opciones necesarias, como una barra, pinzas, antideslizantes o muescas, sin olvidar tu logotipo.<\/p>\n\n\n\n<p class=\"has-small-font-size\">*M\u00ednimo de 500 a 1000 perchas por referencia<\/p>\n\n\n\n<div class=\"wp-block-buttons is-layout-flex wp-block-buttons-is-layout-flex\">\n<div class=\"wp-block-button\"><a class=\"wp-block-button__link has-palette-2-color has-palette-1-background-color has-text-color has-background wp-element-button\" href=\"mailto:info@hego-for-boutiques.com\">Enviar una solicitud<\/a><\/div>\n<\/div>\n<\/div>\n<\/div>\n<\/div><\/div><\/div>\n\n<div class=\"wp-block-group alignfull\"><div class=\"wp-block-group__inner-container is-layout-flow wp-block-group-is-layout-flow\"><div class=\"alignwide-wrap\" data-block=\"gallery\">\n<figure class=\"wp-block-gallery alignwide has-nested-images columns-default is-cropped is-style-no-gaps has-no-margin-bottom wp-block-gallery-3 is-layout-flex wp-block-gallery-is-layout-flex\">\n<figure class=\"wp-block-image size-full\" id=\"cintre-plexi\"><img loading=\"lazy\" decoding=\"async\" width=\"700\" height=\"1050\" data-id=\"216\" src=\"https:\/\/www.hego-for-boutiques.com\/wp-content\/uploads\/2025\/07\/cintre-pexiglass.jpg\" alt=\"perchas acr&#xED;licas de pexigl&#xE1;s\" class=\"wp-image-216\" srcset=\"https:\/\/www.hego-for-boutiques.com\/wp-content\/uploads\/2025\/07\/cintre-pexiglass.jpg 700w, https:\/\/www.hego-for-boutiques.com\/wp-content\/uploads\/2025\/07\/cintre-pexiglass-200x300.jpg 200w, https:\/\/www.hego-for-boutiques.com\/wp-content\/uploads\/2025\/07\/cintre-pexiglass-683x1024.jpg 683w\" sizes=\"auto, (max-width: 700px) 100vw, 700px\" \/><\/figure>\n\n\n\n<figure class=\"wp-block-image size-full\"><img loading=\"lazy\" decoding=\"async\" width=\"700\" height=\"1050\" data-id=\"219\" src=\"https:\/\/www.hego-for-boutiques.com\/wp-content\/uploads\/2025\/07\/cintre-resine-or.jpg\" alt=\"percha de resina fundida con inserciones de pan de oro\" class=\"wp-image-219\" srcset=\"https:\/\/www.hego-for-boutiques.com\/wp-content\/uploads\/2025\/07\/cintre-resine-or.jpg 700w, https:\/\/www.hego-for-boutiques.com\/wp-content\/uploads\/2025\/07\/cintre-resine-or-200x300.jpg 200w, https:\/\/www.hego-for-boutiques.com\/wp-content\/uploads\/2025\/07\/cintre-resine-or-683x1024.jpg 683w\" sizes=\"auto, (max-width: 700px) 100vw, 700px\" \/><\/figure>\n\n\n\n<figure class=\"wp-block-image size-full\"><img loading=\"lazy\" decoding=\"async\" width=\"700\" height=\"1050\" data-id=\"223\" src=\"https:\/\/www.hego-for-boutiques.com\/wp-content\/uploads\/2025\/07\/cintre-acrylique.jpg\" alt=\"perchas acr&#xED;licas transparentes\" class=\"wp-image-223\" srcset=\"https:\/\/www.hego-for-boutiques.com\/wp-content\/uploads\/2025\/07\/cintre-acrylique.jpg 700w, https:\/\/www.hego-for-boutiques.com\/wp-content\/uploads\/2025\/07\/cintre-acrylique-200x300.jpg 200w, https:\/\/www.hego-for-boutiques.com\/wp-content\/uploads\/2025\/07\/cintre-acrylique-683x1024.jpg 683w\" sizes=\"auto, (max-width: 700px) 100vw, 700px\" \/><\/figure>\n<\/figure>\n<\/div>\n\n<div class=\"alignwide-wrap\" data-block=\"columns\">\n<div class=\"wp-block-columns alignwide has-palette-3-color has-palette-2-background-color has-text-color has-background\">\n<div class=\"wp-block-column\" style=\"flex-basis:66.66%\">\n<h2 class=\"wp-block-heading is-style-uppercase has-palette-3-color has-text-color has-extra-large-font-size\"><strong><a href=\"#0\">PERCHAS DE PLEXIGL\u00c1S<\/a><\/strong><\/h2>\n\n\n\n<p class=\"has-normal-font-size\"><strong>La transparencia al servicio de la est\u00e9tica.<\/strong>  Aporta un toque de modernidad y ligereza a tus tiendas con nuestras elegantes perchas de plexigl\u00e1s transparente. Ponte en contacto con nosotros para informarte sobre todas las formas y opciones disponibles.<\/p>\n<\/div>\n\n\n\n<div class=\"wp-block-column\" style=\"flex-basis:33.33%\">\n<p>A\u00f1ade tu logotipo para conseguir una percha que refleje la imagen de tu tienda.<\/p>\n\n\n\n<p class=\"has-small-font-size\">*M\u00ednimo de 100 a 300 perchas por referencia<\/p>\n\n\n\n<div class=\"wp-block-buttons is-layout-flex wp-block-buttons-is-layout-flex\">\n<div class=\"wp-block-button\"><a class=\"wp-block-button__link has-palette-2-color has-palette-1-background-color has-text-color has-background wp-element-button\" href=\"mailto:info@hego-for-boutiques.com\">ENVIAR UNA SOLICITUD<\/a><\/div>\n<\/div>\n<\/div>\n<\/div>\n<\/div><\/div><\/div>\n\n<div class=\"wp-block-group alignfull\"><div class=\"wp-block-group__inner-container is-layout-flow wp-block-group-is-layout-flow\"><div class=\"alignwide-wrap\" data-block=\"gallery\">\n<figure class=\"wp-block-gallery alignwide has-nested-images columns-default is-cropped is-style-no-gaps has-no-margin-bottom wp-block-gallery-4 is-layout-flex wp-block-gallery-is-layout-flex\">\n<figure class=\"wp-block-image size-full\" id=\"cintres-metal\"><img loading=\"lazy\" decoding=\"async\" width=\"700\" height=\"1050\" data-id=\"226\" src=\"https:\/\/www.hego-for-boutiques.com\/wp-content\/uploads\/2025\/07\/cintre-metal-noir-or.jpg\" alt=\"perchas met&#xE1;licas\" class=\"wp-image-226\" srcset=\"https:\/\/www.hego-for-boutiques.com\/wp-content\/uploads\/2025\/07\/cintre-metal-noir-or.jpg 700w, https:\/\/www.hego-for-boutiques.com\/wp-content\/uploads\/2025\/07\/cintre-metal-noir-or-200x300.jpg 200w, https:\/\/www.hego-for-boutiques.com\/wp-content\/uploads\/2025\/07\/cintre-metal-noir-or-683x1024.jpg 683w\" sizes=\"auto, (max-width: 700px) 100vw, 700px\" \/><\/figure>\n\n\n\n<figure class=\"wp-block-image size-full\"><img loading=\"lazy\" decoding=\"async\" width=\"700\" height=\"1050\" data-id=\"229\" src=\"https:\/\/www.hego-for-boutiques.com\/wp-content\/uploads\/2025\/07\/cintres-aluminium.jpg\" alt=\"perchas de aluminio de colores\" class=\"wp-image-229\" srcset=\"https:\/\/www.hego-for-boutiques.com\/wp-content\/uploads\/2025\/07\/cintres-aluminium.jpg 700w, https:\/\/www.hego-for-boutiques.com\/wp-content\/uploads\/2025\/07\/cintres-aluminium-200x300.jpg 200w, https:\/\/www.hego-for-boutiques.com\/wp-content\/uploads\/2025\/07\/cintres-aluminium-683x1024.jpg 683w\" sizes=\"auto, (max-width: 700px) 100vw, 700px\" \/><\/figure>\n\n\n\n<figure class=\"wp-block-image size-full\"><img loading=\"lazy\" decoding=\"async\" width=\"700\" height=\"1050\" data-id=\"232\" src=\"https:\/\/www.hego-for-boutiques.com\/wp-content\/uploads\/2025\/07\/cintre-metal-vieilli.jpg\" alt=\"Percha met&#xE1;lica antigua con pinzas\" class=\"wp-image-232\" srcset=\"https:\/\/www.hego-for-boutiques.com\/wp-content\/uploads\/2025\/07\/cintre-metal-vieilli.jpg 700w, https:\/\/www.hego-for-boutiques.com\/wp-content\/uploads\/2025\/07\/cintre-metal-vieilli-200x300.jpg 200w, https:\/\/www.hego-for-boutiques.com\/wp-content\/uploads\/2025\/07\/cintre-metal-vieilli-683x1024.jpg 683w\" sizes=\"auto, (max-width: 700px) 100vw, 700px\" \/><\/figure>\n<\/figure>\n<\/div>\n\n<div class=\"alignwide-wrap\" data-block=\"columns\">\n<div class=\"wp-block-columns alignwide has-palette-3-color has-palette-2-background-color has-text-color has-background\">\n<div class=\"wp-block-column\" style=\"flex-basis:66.66%\">\n<h2 class=\"wp-block-heading is-style-uppercase has-palette-3-color has-text-color has-extra-large-font-size\"><strong><a href=\"#0\">GANCHOS DE METAL<\/a><\/strong><\/h2>\n\n\n\n<p class=\"has-normal-font-size\"><strong>L\u00edneas contempor\u00e1neas y robustez.<\/strong> <\/p>\n\n\n\n<p class=\"has-normal-font-size\">Haz una declaraci\u00f3n de estilo con nuestras modernas perchas, perfectas para boutiques y hoteles. Ponte en contacto con nosotros para explorar todas las posibilidades.<\/p>\n<\/div>\n\n\n\n<div class=\"wp-block-column\" style=\"flex-basis:33.33%\">\n<p>A\u00f1ade tu logotipo para conseguir una percha que refleje la imagen de tu tienda.<\/p>\n\n\n\n<p class=\"has-small-font-size\">*M\u00ednimo 1000 perchas por referencia<\/p>\n\n\n\n<div class=\"wp-block-buttons is-layout-flex wp-block-buttons-is-layout-flex\">\n<div class=\"wp-block-button\"><a class=\"wp-block-button__link has-palette-2-color has-palette-1-background-color has-text-color has-background wp-element-button\" href=\"mailto:info@hego-for-boutiques.com\">ENVIAR UNA SOLICITUD<\/a><\/div>\n<\/div>\n<\/div>\n<\/div>\n<\/div><\/div><\/div>\n\n<div style=\"height:100px\" aria-hidden=\"true\" class=\"wp-block-spacer\"><\/div>\n<div class=\"alignwide-wrap\" data-block=\"columns\">\n<div class=\"wp-block-columns alignwide\"><\/div>\n<\/div>","protected":false},"excerpt":{"rendered":"<div class=\"entry-summary\">\nPerchas de madera Madera cruda , te\u00f1ida o lacada, elige la forma, las dimensiones y la especie que se adapten a tu dise\u00f1o. Env\u00edanos tus planos o muestras y reproduciremos fielmente tus&hellip;\n<\/div>\n<div class=\"link-more-container\"><a href=\"https:\/\/www.hego-for-boutiques.com\/es\/las-perchas\/\" class=\"link-more\" aria-label=\"Continue reading Las perchas\">Continue reading&hellip;<\/a><\/div>\n","protected":false},"author":1,"featured_media":0,"parent":0,"menu_order":0,"comment_status":"closed","ping_status":"closed","template":"templates\/no-intro.php","meta":{"footnotes":""},"class_list":["post-105","page","type-page","status-publish","hentry","entry","entry-type-page"],"_links":{"self":[{"href":"https:\/\/www.hego-for-boutiques.com\/es\/wp-json\/wp\/v2\/pages\/105","targetHints":{"allow":["GET"]}}],"collection":[{"href":"https:\/\/www.hego-for-boutiques.com\/es\/wp-json\/wp\/v2\/pages"}],"about":[{"href":"https:\/\/www.hego-for-boutiques.com\/es\/wp-json\/wp\/v2\/types\/page"}],"author":[{"embeddable":true,"href":"https:\/\/www.hego-for-boutiques.com\/es\/wp-json\/wp\/v2\/users\/1"}],"replies":[{"embeddable":true,"href":"https:\/\/www.hego-for-boutiques.com\/es\/wp-json\/wp\/v2\/comments?post=105"}],"version-history":[{"count":4,"href":"https:\/\/www.hego-for-boutiques.com\/es\/wp-json\/wp\/v2\/pages\/105\/revisions"}],"predecessor-version":[{"id":237,"href":"https:\/\/www.hego-for-boutiques.com\/es\/wp-json\/wp\/v2\/pages\/105\/revisions\/237"}],"wp:attachment":[{"href":"https:\/\/www.hego-for-boutiques.com\/es\/wp-json\/wp\/v2\/media?parent=105"}],"curies":[{"name":"wp","href":"https:\/\/api.w.org\/{rel}","templated":true}]}}