{"id":913,"date":"2025-05-22T12:57:11","date_gmt":"2025-05-22T10:57:11","guid":{"rendered":"https:\/\/www.hego-for-boutiques.com\/Site2025\/?page_id=913"},"modified":"2025-06-09T15:58:29","modified_gmt":"2025-06-09T13:58:29","slug":"hego-for-boutiques","status":"publish","type":"page","link":"https:\/\/www.hego-for-boutiques.com\/Site2025\/","title":{"rendered":"Accueil"},"content":{"rendered":"\n<div class=\"wp-block-cover alignfull is-light has-palette-2-background-color\" style=\"min-height:100vh;aspect-ratio:unset;\"><img loading=\"lazy\" decoding=\"async\" width=\"1400\" height=\"934\" class=\"wp-block-cover__image-background wp-image-914 size-large\" alt=\"articles de maroquinerie sur mesure\" src=\"https:\/\/www.hego-for-boutiques.com\/Site2025\/wp-content\/uploads\/2025\/05\/intro-1400x934.jpg\" data-object-fit=\"cover\" srcset=\"https:\/\/www.hego-for-boutiques.com\/Site2025\/wp-content\/uploads\/2025\/05\/intro-1400x934.jpg 1400w, https:\/\/www.hego-for-boutiques.com\/Site2025\/wp-content\/uploads\/2025\/05\/intro-640x427.jpg 640w, https:\/\/www.hego-for-boutiques.com\/Site2025\/wp-content\/uploads\/2025\/05\/intro-480x320.jpg 480w, https:\/\/www.hego-for-boutiques.com\/Site2025\/wp-content\/uploads\/2025\/05\/intro-768x512.jpg 768w, https:\/\/www.hego-for-boutiques.com\/Site2025\/wp-content\/uploads\/2025\/05\/intro-1536x1025.jpg 1536w, https:\/\/www.hego-for-boutiques.com\/Site2025\/wp-content\/uploads\/2025\/05\/intro-2048x1366.jpg 2048w, https:\/\/www.hego-for-boutiques.com\/Site2025\/wp-content\/uploads\/2025\/05\/intro-680x453.jpg 680w\" sizes=\"auto, (max-width: 1400px) 100vw, 1400px\" \/><span aria-hidden=\"true\" class=\"wp-block-cover__background has-background-dim-0 has-background-dim\" style=\"background-color:#958a7e\"><\/span><div class=\"wp-block-cover__inner-container is-layout-flow wp-block-cover-is-layout-flow\">\n<div style=\"height:100px\" aria-hidden=\"true\" class=\"wp-block-spacer has-20vmax-min-height\"><\/div>\n\n\n<div class=\"alignwide-wrap\" data-block=\"columns\">\n<div class=\"wp-block-columns alignwide\">\n<div class=\"wp-block-column\" style=\"flex-basis:61.8%\"><\/div>\n\n\n\n<div class=\"wp-block-column\" style=\"flex-basis:38.2%\">\n<h1 class=\"wp-block-heading\">SUR MESURE<\/h1>\n\n\n\n<p class=\"has-large-font-size\">Cr\u00e9ation et Fabrication de Cintres et d\u2019Accessoires de pr\u00e9sentation de Luxe pour les Boutiques.<\/p>\n<\/div>\n<\/div>\n<\/div><\/div><\/div>\n\n\n<div class=\"alignwide-wrap\" data-block=\"gallery\">\n<figure class=\"wp-block-gallery alignwide has-nested-images columns-default is-cropped is-style-no-margin-vertical wp-block-gallery-1 is-layout-flex wp-block-gallery-is-layout-flex\">\n<figure class=\"wp-block-image size-full\"><a href=\"https:\/\/www.hego-for-boutiques.com\/Site2025\/le-sur-mesure-en-cuir\/\"><img loading=\"lazy\" decoding=\"async\" width=\"700\" height=\"700\" data-id=\"996\" src=\"https:\/\/www.hego-for-boutiques.com\/Site2025\/wp-content\/uploads\/2025\/05\/accessoires-maroquinerie.jpg\" alt=\"articles de pr\u00e9sentation en cuir sur mesure pour boutiques luxe\" class=\"wp-image-996\" srcset=\"https:\/\/www.hego-for-boutiques.com\/Site2025\/wp-content\/uploads\/2025\/05\/accessoires-maroquinerie.jpg 700w, https:\/\/www.hego-for-boutiques.com\/Site2025\/wp-content\/uploads\/2025\/05\/accessoires-maroquinerie-640x640.jpg 640w, https:\/\/www.hego-for-boutiques.com\/Site2025\/wp-content\/uploads\/2025\/05\/accessoires-maroquinerie-480x480.jpg 480w\" sizes=\"auto, (max-width: 700px) 100vw, 700px\" \/><\/a><figcaption class=\"wp-element-caption\"><a href=\"https:\/\/www.hego-for-boutiques.com\/Site2025\/le-sur-mesure-en-cuir\/\">MAROQUINERIE<br>SUR MESURE<\/a><\/figcaption><\/figure>\n\n\n\n<figure class=\"wp-block-image size-full\"><a href=\"https:\/\/www.hego-for-boutiques.com\/Site2025\/le-sur-mesure-en-cuir\/#goodies\"><img loading=\"lazy\" decoding=\"async\" width=\"700\" height=\"700\" data-id=\"1188\" src=\"https:\/\/www.hego-for-boutiques.com\/Site2025\/wp-content\/uploads\/2025\/06\/goodies-cuir.jpg\" alt=\"goodie en cuir pour vos cadeaux clients\" class=\"wp-image-1188\" srcset=\"https:\/\/www.hego-for-boutiques.com\/Site2025\/wp-content\/uploads\/2025\/06\/goodies-cuir.jpg 700w, https:\/\/www.hego-for-boutiques.com\/Site2025\/wp-content\/uploads\/2025\/06\/goodies-cuir-640x640.jpg 640w, https:\/\/www.hego-for-boutiques.com\/Site2025\/wp-content\/uploads\/2025\/06\/goodies-cuir-480x480.jpg 480w\" sizes=\"auto, (max-width: 700px) 100vw, 700px\" \/><\/a><figcaption class=\"wp-element-caption\"><a href=\"https:\/\/www.hego-for-boutiques.com\/Site2025\/le-sur-mesure-en-cuir\/#goodies\">CADEAUX CLIENTS<\/a><br><a href=\"https:\/\/www.hego-for-boutiques.com\/Site2025\/le-sur-mesure-en-cuir\/#goodies\">ET GOODIES<\/a><\/figcaption><\/figure>\n\n\n\n<figure class=\"wp-block-image size-full\"><a href=\"https:\/\/www.hego-for-boutiques.com\/Site2025\/les-cintres\/#cintres-bois\"><img loading=\"lazy\" decoding=\"async\" width=\"700\" height=\"700\" data-id=\"918\" src=\"https:\/\/www.hego-for-boutiques.com\/Site2025\/wp-content\/uploads\/2025\/05\/cintre-bois.jpg\" alt=\"fabrication de cintres en bois sur mesure\" class=\"wp-image-918\" srcset=\"https:\/\/www.hego-for-boutiques.com\/Site2025\/wp-content\/uploads\/2025\/05\/cintre-bois.jpg 700w, https:\/\/www.hego-for-boutiques.com\/Site2025\/wp-content\/uploads\/2025\/05\/cintre-bois-640x640.jpg 640w, https:\/\/www.hego-for-boutiques.com\/Site2025\/wp-content\/uploads\/2025\/05\/cintre-bois-480x480.jpg 480w\" sizes=\"auto, (max-width: 700px) 100vw, 700px\" \/><\/a><figcaption class=\"wp-element-caption\"><a href=\"https:\/\/www.hego-for-boutiques.com\/Site2025\/les-cintres\/#cintres-bois\">CINTRES<br>EN BOIS<\/a><\/figcaption><\/figure>\n\n\n\n<figure class=\"wp-block-image size-full\"><a href=\"https:\/\/www.hego-for-boutiques.com\/Site2025\/les-cintres\/#cintre-plexi\"><img loading=\"lazy\" decoding=\"async\" width=\"700\" height=\"700\" data-id=\"919\" src=\"https:\/\/www.hego-for-boutiques.com\/Site2025\/wp-content\/uploads\/2025\/05\/cintres-plexi.jpg\" alt=\"production cintres plexiglass acrylique\" class=\"wp-image-919\" srcset=\"https:\/\/www.hego-for-boutiques.com\/Site2025\/wp-content\/uploads\/2025\/05\/cintres-plexi.jpg 700w, https:\/\/www.hego-for-boutiques.com\/Site2025\/wp-content\/uploads\/2025\/05\/cintres-plexi-640x640.jpg 640w, https:\/\/www.hego-for-boutiques.com\/Site2025\/wp-content\/uploads\/2025\/05\/cintres-plexi-480x480.jpg 480w\" sizes=\"auto, (max-width: 700px) 100vw, 700px\" \/><\/a><figcaption class=\"wp-element-caption\"><a href=\"https:\/\/www.hego-for-boutiques.com\/Site2025\/les-cintres\/#cintre-plexi\">CINTRES PLEXIGLASS<br>PMMA<\/a><\/figcaption><\/figure>\n\n\n\n<figure class=\"wp-block-image size-full\"><a href=\"https:\/\/www.hego-for-boutiques.com\/Site2025\/les-cintres\/#cintres-metal\"><img loading=\"lazy\" decoding=\"async\" width=\"700\" height=\"700\" data-id=\"990\" src=\"https:\/\/www.hego-for-boutiques.com\/Site2025\/wp-content\/uploads\/2025\/05\/cintres-metal-alu.jpg\" alt=\"cintres en m\u00e9tal ou aluminium\" class=\"wp-image-990\" srcset=\"https:\/\/www.hego-for-boutiques.com\/Site2025\/wp-content\/uploads\/2025\/05\/cintres-metal-alu.jpg 700w, https:\/\/www.hego-for-boutiques.com\/Site2025\/wp-content\/uploads\/2025\/05\/cintres-metal-alu-640x640.jpg 640w, https:\/\/www.hego-for-boutiques.com\/Site2025\/wp-content\/uploads\/2025\/05\/cintres-metal-alu-480x480.jpg 480w\" sizes=\"auto, (max-width: 700px) 100vw, 700px\" \/><\/a><figcaption class=\"wp-element-caption\"><a href=\"https:\/\/www.hego-for-boutiques.com\/Site2025\/les-cintres\/#cintres-metal\">CINTRES<br>EN M\u00c9TAL<\/a><\/figcaption><\/figure>\n\n\n\n<figure class=\"wp-block-image size-full\"><a href=\"https:\/\/www.mon-cintre.com\/boutique\" target=\"_blank\" rel=\" noreferrer noopener\"><img loading=\"lazy\" decoding=\"async\" width=\"700\" height=\"700\" data-id=\"1045\" src=\"https:\/\/www.hego-for-boutiques.com\/Site2025\/wp-content\/uploads\/2025\/05\/marque-mon-cintre-1.jpg\" alt=\"\" class=\"wp-image-1045\" srcset=\"https:\/\/www.hego-for-boutiques.com\/Site2025\/wp-content\/uploads\/2025\/05\/marque-mon-cintre-1.jpg 700w, https:\/\/www.hego-for-boutiques.com\/Site2025\/wp-content\/uploads\/2025\/05\/marque-mon-cintre-1-640x640.jpg 640w, https:\/\/www.hego-for-boutiques.com\/Site2025\/wp-content\/uploads\/2025\/05\/marque-mon-cintre-1-480x480.jpg 480w\" sizes=\"auto, (max-width: 700px) 100vw, 700px\" \/><\/a><figcaption class=\"wp-element-caption\"><a href=\"https:\/\/www.mon-cintre.com\/boutique\" target=\"_blank\" rel=\"noreferrer noopener\">CINTRES<br>POUR DRESSING<\/a><\/figcaption><\/figure>\n<\/figure>\n<\/div>\n\n\n<div style=\"height:52px\" aria-hidden=\"true\" class=\"wp-block-spacer\"><\/div>\n\n\n<div class=\"alignwide-wrap\" data-block=\"columns\">\n<div class=\"wp-block-columns alignwide are-vertically-aligned-center has-palette-2-color has-accent-background-color has-text-color has-background\">\n<div class=\"wp-block-column is-vertically-aligned-center\" style=\"flex-basis:60%\">\n<p class=\"has-normal-font-size\">Hego For Boutiques est sp\u00e9cialis\u00e9e dans la recherche de solutions adapt\u00e9es aux besoins des marques de luxe et de mode pour leurs boutiques, du cintre fabriqu\u00e9 sur mesure aux emballages de luxe et autres accessoires de travail en cuir. <\/p>\n<\/div>\n\n\n\n<div class=\"wp-block-column\" style=\"flex-basis:10%\"><\/div>\n\n\n\n<div class=\"wp-block-column is-vertically-aligned-center\" style=\"flex-basis:30%\">\n<div class=\"wp-block-buttons is-layout-flex wp-block-buttons-is-layout-flex\">\n<div class=\"wp-block-button has-custom-width wp-block-button__width-100\"><a class=\"wp-block-button__link has-palette-3-color has-palette-2-background-color has-text-color has-background has-normal-font-size has-custom-font-size wp-element-button\" href=\"#0\">EN SAVOIR PLUS \u2192<\/a><\/div>\n<\/div>\n<\/div>\n<\/div>\n<\/div>\n\n\n<figure class=\"wp-block-gallery alignfull has-nested-images columns-default is-cropped is-style-no-gaps wp-block-gallery-2 is-layout-flex wp-block-gallery-is-layout-flex\"><\/figure>\n","protected":false},"excerpt":{"rendered":"<div class=\"entry-summary\">\nHego For Boutiques est sp\u00e9cialis\u00e9e dans la recherche de solutions adapt\u00e9es aux besoins des marques de luxe et de mode pour leurs boutiques, du cintre fabriqu\u00e9 sur mesure aux emballages de luxe&hellip;\n<\/div>\n<div class=\"link-more-container\"><a href=\"https:\/\/www.hego-for-boutiques.com\/Site2025\/\" class=\"link-more\" aria-label=\"Continue reading Accueil\">Continue reading&hellip;<\/a><\/div>\n","protected":false},"author":1,"featured_media":0,"parent":0,"menu_order":0,"comment_status":"closed","ping_status":"closed","template":"templates\/no-intro-header-overlaid-light.php","meta":{"footnotes":""},"class_list":["post-913","page","type-page","status-publish","hentry","entry","entry-type-page"],"_links":{"self":[{"href":"https:\/\/www.hego-for-boutiques.com\/Site2025\/wp-json\/wp\/v2\/pages\/913","targetHints":{"allow":["GET"]}}],"collection":[{"href":"https:\/\/www.hego-for-boutiques.com\/Site2025\/wp-json\/wp\/v2\/pages"}],"about":[{"href":"https:\/\/www.hego-for-boutiques.com\/Site2025\/wp-json\/wp\/v2\/types\/page"}],"author":[{"embeddable":true,"href":"https:\/\/www.hego-for-boutiques.com\/Site2025\/wp-json\/wp\/v2\/users\/1"}],"replies":[{"embeddable":true,"href":"https:\/\/www.hego-for-boutiques.com\/Site2025\/wp-json\/wp\/v2\/comments?post=913"}],"version-history":[{"count":36,"href":"https:\/\/www.hego-for-boutiques.com\/Site2025\/wp-json\/wp\/v2\/pages\/913\/revisions"}],"predecessor-version":[{"id":1281,"href":"https:\/\/www.hego-for-boutiques.com\/Site2025\/wp-json\/wp\/v2\/pages\/913\/revisions\/1281"}],"wp:attachment":[{"href":"https:\/\/www.hego-for-boutiques.com\/Site2025\/wp-json\/wp\/v2\/media?parent=913"}],"curies":[{"name":"wp","href":"https:\/\/api.w.org\/{rel}","templated":true}]}}