{"id":1126,"date":"2025-05-27T15:41:46","date_gmt":"2025-05-27T13:41:46","guid":{"rendered":"https:\/\/www.hego-for-boutiques.com\/Site2025\/?page_id=1126"},"modified":"2025-07-21T12:55:52","modified_gmt":"2025-07-21T10:55:52","slug":"le-sur-mesure-en-cuir","status":"publish","type":"page","link":"https:\/\/www.hego-for-boutiques.com\/Site2025\/le-sur-mesure-en-cuir\/","title":{"rendered":"Accessoires en cuir"},"content":{"rendered":"\n<div class=\"wp-block-cover alignfull is-light has-palette-2-background-color\" style=\"min-height:395px;aspect-ratio:unset;\"><img loading=\"lazy\" decoding=\"async\" width=\"1400\" height=\"983\" class=\"wp-block-cover__image-background wp-image-1127 size-large\" alt=\"pr\u00e9sentoir pour factures en cuir dur mesure\" src=\"https:\/\/www.hego-for-boutiques.com\/Site2025\/wp-content\/uploads\/2025\/05\/sur-mesure-cuir-1400x983.jpg\" data-object-fit=\"cover\" srcset=\"https:\/\/www.hego-for-boutiques.com\/Site2025\/wp-content\/uploads\/2025\/05\/sur-mesure-cuir-1400x983.jpg 1400w, https:\/\/www.hego-for-boutiques.com\/Site2025\/wp-content\/uploads\/2025\/05\/sur-mesure-cuir-640x450.jpg 640w, https:\/\/www.hego-for-boutiques.com\/Site2025\/wp-content\/uploads\/2025\/05\/sur-mesure-cuir-480x337.jpg 480w, https:\/\/www.hego-for-boutiques.com\/Site2025\/wp-content\/uploads\/2025\/05\/sur-mesure-cuir-768x539.jpg 768w, https:\/\/www.hego-for-boutiques.com\/Site2025\/wp-content\/uploads\/2025\/05\/sur-mesure-cuir-1536x1079.jpg 1536w, https:\/\/www.hego-for-boutiques.com\/Site2025\/wp-content\/uploads\/2025\/05\/sur-mesure-cuir-2048x1439.jpg 2048w\" sizes=\"auto, (max-width: 1400px) 100vw, 1400px\" \/><span aria-hidden=\"true\" class=\"wp-block-cover__background has-background-dim-0 has-background-dim\" style=\"background-color:#8c8174\"><\/span><div class=\"wp-block-cover__inner-container is-layout-flow wp-block-cover-is-layout-flow\">\n<div style=\"height:100px\" aria-hidden=\"true\" class=\"wp-block-spacer has-20vmax-min-height\"><\/div>\n\n\n<div class=\"alignwide-wrap\" data-block=\"columns\">\n<div class=\"wp-block-columns alignwide\">\n<div class=\"wp-block-column\" style=\"flex-basis:61.8%\">\n<h1 class=\"wp-block-heading has-palette-3-color has-text-color has-link-color wp-elements-b2be09a1c7575b3ad3fa7b8aa098f329\">ACCESSOIRES EN CUIR<\/h1>\n\n\n\n<p class=\"has-palette-3-color has-text-color has-link-color has-normal-font-size wp-elements-b477d7d4cd6820bb6e26110477a69d51\">Exclusivement pour des <strong>PRODUCTIONS SUR MESURE<\/strong>, nous r\u00e9alisons vos accessoires et outils de pr\u00e9sentation pour vos boutiques, vos restaurants ou vos h\u00f4tels.<\/p>\n<\/div>\n\n\n\n<div class=\"wp-block-column\" style=\"flex-basis:38.2%\"><\/div>\n<\/div>\n<\/div><\/div><\/div>\n\n\n\n<div class=\"wp-block-group alignfull\"><div class=\"wp-block-group__inner-container is-layout-constrained wp-block-group-is-layout-constrained\"><\/div><\/div>\n\n\n\n<div class=\"wp-block-group alignfull\"><div class=\"wp-block-group__inner-container is-layout-flow wp-block-group-is-layout-flow\"><div class=\"alignwide-wrap\" data-block=\"gallery\">\n<figure class=\"wp-block-gallery alignwide has-nested-images columns-default is-cropped is-style-no-gaps has-no-margin-bottom wp-block-gallery-1 is-layout-flex wp-block-gallery-is-layout-flex\">\n<figure class=\"wp-block-image size-full\"><img loading=\"lazy\" decoding=\"async\" width=\"700\" height=\"1050\" data-id=\"1202\" src=\"https:\/\/www.hego-for-boutiques.com\/Site2025\/wp-content\/uploads\/2025\/06\/porte-facture-clapet.jpg\" alt=\"porte facture en cuir\" class=\"wp-image-1202\" srcset=\"https:\/\/www.hego-for-boutiques.com\/Site2025\/wp-content\/uploads\/2025\/06\/porte-facture-clapet.jpg 700w, https:\/\/www.hego-for-boutiques.com\/Site2025\/wp-content\/uploads\/2025\/06\/porte-facture-clapet-640x960.jpg 640w, https:\/\/www.hego-for-boutiques.com\/Site2025\/wp-content\/uploads\/2025\/06\/porte-facture-clapet-480x720.jpg 480w\" sizes=\"auto, (max-width: 700px) 100vw, 700px\" \/><\/figure>\n\n\n\n<figure class=\"wp-block-image size-full\"><img loading=\"lazy\" decoding=\"async\" width=\"700\" height=\"1050\" data-id=\"1150\" src=\"https:\/\/www.hego-for-boutiques.com\/Site2025\/wp-content\/uploads\/2025\/05\/coque-ipad-cuir-sur-mesure.jpg\" alt=\"protection pour Ipad en cuir sur mesure\" class=\"wp-image-1150\" srcset=\"https:\/\/www.hego-for-boutiques.com\/Site2025\/wp-content\/uploads\/2025\/05\/coque-ipad-cuir-sur-mesure.jpg 700w, https:\/\/www.hego-for-boutiques.com\/Site2025\/wp-content\/uploads\/2025\/05\/coque-ipad-cuir-sur-mesure-640x960.jpg 640w, https:\/\/www.hego-for-boutiques.com\/Site2025\/wp-content\/uploads\/2025\/05\/coque-ipad-cuir-sur-mesure-480x720.jpg 480w\" sizes=\"auto, (max-width: 700px) 100vw, 700px\" \/><\/figure>\n\n\n\n<figure class=\"wp-block-image size-full\"><img loading=\"lazy\" decoding=\"async\" width=\"700\" height=\"1050\" data-id=\"1157\" src=\"https:\/\/www.hego-for-boutiques.com\/Site2025\/wp-content\/uploads\/2025\/05\/presentoir-facture-en-cuir.jpg\" alt=\"pr\u00e9sentoir pour facture sur mesure en cuir\" class=\"wp-image-1157\" srcset=\"https:\/\/www.hego-for-boutiques.com\/Site2025\/wp-content\/uploads\/2025\/05\/presentoir-facture-en-cuir.jpg 700w, https:\/\/www.hego-for-boutiques.com\/Site2025\/wp-content\/uploads\/2025\/05\/presentoir-facture-en-cuir-640x960.jpg 640w, https:\/\/www.hego-for-boutiques.com\/Site2025\/wp-content\/uploads\/2025\/05\/presentoir-facture-en-cuir-480x720.jpg 480w\" sizes=\"auto, (max-width: 700px) 100vw, 700px\" \/><\/figure>\n\n\n\n<figure class=\"wp-block-image size-full\"><img loading=\"lazy\" decoding=\"async\" width=\"700\" height=\"1050\" data-id=\"1200\" src=\"https:\/\/www.hego-for-boutiques.com\/Site2025\/wp-content\/uploads\/2025\/06\/languette-cuir-pour-pinces.jpg\" alt=\"languette en cuir pour v\u00eatements fragiles\" class=\"wp-image-1200\" srcset=\"https:\/\/www.hego-for-boutiques.com\/Site2025\/wp-content\/uploads\/2025\/06\/languette-cuir-pour-pinces.jpg 700w, https:\/\/www.hego-for-boutiques.com\/Site2025\/wp-content\/uploads\/2025\/06\/languette-cuir-pour-pinces-640x960.jpg 640w, https:\/\/www.hego-for-boutiques.com\/Site2025\/wp-content\/uploads\/2025\/06\/languette-cuir-pour-pinces-480x720.jpg 480w\" sizes=\"auto, (max-width: 700px) 100vw, 700px\" \/><\/figure>\n\n\n\n<figure class=\"wp-block-image size-full\"><img loading=\"lazy\" decoding=\"async\" width=\"700\" height=\"1050\" data-id=\"1148\" src=\"https:\/\/www.hego-for-boutiques.com\/Site2025\/wp-content\/uploads\/2025\/05\/petit-presentoir-facture-cuir.jpg\" alt=\"Petit pr\u00e9sentoir pour facture sur mesure en cuir\" class=\"wp-image-1148\" srcset=\"https:\/\/www.hego-for-boutiques.com\/Site2025\/wp-content\/uploads\/2025\/05\/petit-presentoir-facture-cuir.jpg 700w, https:\/\/www.hego-for-boutiques.com\/Site2025\/wp-content\/uploads\/2025\/05\/petit-presentoir-facture-cuir-640x960.jpg 640w, https:\/\/www.hego-for-boutiques.com\/Site2025\/wp-content\/uploads\/2025\/05\/petit-presentoir-facture-cuir-480x720.jpg 480w\" sizes=\"auto, (max-width: 700px) 100vw, 700px\" \/><\/figure>\n\n\n\n<figure class=\"wp-block-image size-full\"><img loading=\"lazy\" decoding=\"async\" width=\"700\" height=\"700\" data-id=\"1003\" src=\"https:\/\/www.hego-for-boutiques.com\/Site2025\/wp-content\/uploads\/2025\/05\/blanc.jpg\" alt=\"\" class=\"wp-image-1003\" srcset=\"https:\/\/www.hego-for-boutiques.com\/Site2025\/wp-content\/uploads\/2025\/05\/blanc.jpg 700w, https:\/\/www.hego-for-boutiques.com\/Site2025\/wp-content\/uploads\/2025\/05\/blanc-640x640.jpg 640w, https:\/\/www.hego-for-boutiques.com\/Site2025\/wp-content\/uploads\/2025\/05\/blanc-480x480.jpg 480w\" sizes=\"auto, (max-width: 700px) 100vw, 700px\" \/><\/figure>\n<\/figure>\n<\/div>\n\n<div class=\"alignwide-wrap\" data-block=\"columns\">\n<div class=\"wp-block-columns alignwide has-palette-3-color has-palette-2-background-color has-text-color has-background\">\n<div class=\"wp-block-column\" style=\"flex-basis:66.66%\">\n<h2 class=\"wp-block-heading is-style-uppercase has-palette-3-color has-text-color has-extra-large-font-size\"><strong><a href=\"#0\">ACCESSOIRES POUR BOUTIQUES<\/a><\/strong><\/h2>\n\n\n\n<p class=\"has-normal-font-size\">Rehaussez l&rsquo;\u00e9l\u00e9gance de vos pr\u00e9sentations avec des accessoires de luxe con\u00e7us sur mesure. Destin\u00e9s aux boutiques les plus raffin\u00e9es et aux palaces h\u00f4tels, nos cr\u00e9ations sont \u00e9labor\u00e9es \u00e0 partir de vos plans ou de nos propositions originales, en utilisant des mat\u00e9riaux nobles. Laissez notre savoir-faire sublimer vos espaces.<\/p>\n<\/div>\n\n\n\n<div class=\"wp-block-column\" style=\"flex-basis:33.33%\">\n<p class=\"has-normal-font-size\">Personnalisez avec votre logo emboss\u00e9 ou imprim\u00e9.<\/p>\n\n\n\n<p class=\"has-small-font-size\">*Minimum 50 unit\u00e9s par mod\u00e8les<\/p>\n\n\n\n<div class=\"wp-block-buttons is-layout-flex wp-block-buttons-is-layout-flex\">\n<div class=\"wp-block-button\"><a class=\"wp-block-button__link has-palette-2-color has-palette-1-background-color has-text-color has-background wp-element-button\" href=\"mailto:info@hego-for-botuiques.com\">ENVOYER UNE DEMANDE<\/a><\/div>\n<\/div>\n<\/div>\n<\/div>\n<\/div><\/div><\/div>\n\n\n\n<div style=\"height:100px\" aria-hidden=\"true\" class=\"wp-block-spacer\"><\/div>\n\n\n\n<div class=\"wp-block-group alignfull\"><div class=\"wp-block-group__inner-container is-layout-flow wp-block-group-is-layout-flow\"><div class=\"alignwide-wrap\" data-block=\"gallery\">\n<figure class=\"wp-block-gallery alignwide has-nested-images columns-default is-cropped is-style-no-gaps has-no-margin-bottom wp-block-gallery-2 is-layout-flex wp-block-gallery-is-layout-flex\">\n<figure class=\"wp-block-image size-full\"><img loading=\"lazy\" decoding=\"async\" width=\"700\" height=\"700\" data-id=\"1003\" src=\"https:\/\/www.hego-for-boutiques.com\/Site2025\/wp-content\/uploads\/2025\/05\/blanc.jpg\" alt=\"\" class=\"wp-image-1003\" srcset=\"https:\/\/www.hego-for-boutiques.com\/Site2025\/wp-content\/uploads\/2025\/05\/blanc.jpg 700w, https:\/\/www.hego-for-boutiques.com\/Site2025\/wp-content\/uploads\/2025\/05\/blanc-640x640.jpg 640w, https:\/\/www.hego-for-boutiques.com\/Site2025\/wp-content\/uploads\/2025\/05\/blanc-480x480.jpg 480w\" sizes=\"auto, (max-width: 700px) 100vw, 700px\" \/><\/figure>\n\n\n\n<figure class=\"wp-block-image size-full\"><img loading=\"lazy\" decoding=\"async\" width=\"700\" height=\"1050\" data-id=\"1163\" src=\"https:\/\/www.hego-for-boutiques.com\/Site2025\/wp-content\/uploads\/2025\/05\/pochette-bijoux-cheveux.jpg\" alt=\"packaging pour bijoux en cuir\" class=\"wp-image-1163\" srcset=\"https:\/\/www.hego-for-boutiques.com\/Site2025\/wp-content\/uploads\/2025\/05\/pochette-bijoux-cheveux.jpg 700w, https:\/\/www.hego-for-boutiques.com\/Site2025\/wp-content\/uploads\/2025\/05\/pochette-bijoux-cheveux-640x960.jpg 640w, https:\/\/www.hego-for-boutiques.com\/Site2025\/wp-content\/uploads\/2025\/05\/pochette-bijoux-cheveux-480x720.jpg 480w\" sizes=\"auto, (max-width: 700px) 100vw, 700px\" \/><\/figure>\n\n\n\n<figure class=\"wp-block-image size-full\"><img loading=\"lazy\" decoding=\"async\" width=\"700\" height=\"1050\" data-id=\"1160\" src=\"https:\/\/www.hego-for-boutiques.com\/Site2025\/wp-content\/uploads\/2025\/05\/packaging-bijou-cuir.jpg\" alt=\"packaging pour bijoux en cuir\" class=\"wp-image-1160\" srcset=\"https:\/\/www.hego-for-boutiques.com\/Site2025\/wp-content\/uploads\/2025\/05\/packaging-bijou-cuir.jpg 700w, https:\/\/www.hego-for-boutiques.com\/Site2025\/wp-content\/uploads\/2025\/05\/packaging-bijou-cuir-640x960.jpg 640w, https:\/\/www.hego-for-boutiques.com\/Site2025\/wp-content\/uploads\/2025\/05\/packaging-bijou-cuir-480x720.jpg 480w\" sizes=\"auto, (max-width: 700px) 100vw, 700px\" \/><\/figure>\n<\/figure>\n<\/div>\n\n<div class=\"alignwide-wrap\" data-block=\"columns\">\n<div class=\"wp-block-columns alignwide has-palette-3-color has-palette-2-background-color has-text-color has-background\">\n<div class=\"wp-block-column\" style=\"flex-basis:66.66%\">\n<h2 class=\"wp-block-heading is-style-uppercase has-palette-3-color has-text-color has-extra-large-font-size\"><strong><a href=\"#0\">PACKAGING DE LUXE<\/a><\/strong><\/h2>\n\n\n\n<p class=\"has-normal-font-size\">Donnez vie \u00e0 vos packagings de luxe avec notre expertise. Nous d\u00e9veloppons, en partenariat avec vos \u00e9quipes, des solutions uniques en cuir, similicuir ou tissu, \u00e0 partir de vos id\u00e9es cr\u00e9atives et de vos plans. Notre savoir-faire assure une qualit\u00e9 irr\u00e9prochable et une finition parfaite.<\/p>\n<\/div>\n\n\n\n<div class=\"wp-block-column\" style=\"flex-basis:33.33%\">\n<p>Personnalisez avec votre logo emboss\u00e9 ou imprim\u00e9.<\/p>\n\n\n\n<p class=\"has-small-font-size\">*Minimum 250 unit\u00e9s par mod\u00e8les<\/p>\n\n\n\n<div class=\"wp-block-buttons is-layout-flex wp-block-buttons-is-layout-flex\">\n<div class=\"wp-block-button\"><a class=\"wp-block-button__link has-palette-2-color has-palette-1-background-color has-text-color has-background wp-element-button\" href=\"mailto:karine@hego-for-boutiques.com\">ENVOYER UNE DEMANDE<\/a><\/div>\n<\/div>\n<\/div>\n<\/div>\n<\/div><\/div><\/div>\n\n\n\n<div class=\"wp-block-group alignfull\"><div class=\"wp-block-group__inner-container is-layout-flow wp-block-group-is-layout-flow\"><div class=\"alignwide-wrap\" data-block=\"gallery\">\n<figure class=\"wp-block-gallery alignwide has-nested-images columns-default is-cropped is-style-no-gaps has-no-margin-bottom wp-block-gallery-3 is-layout-flex wp-block-gallery-is-layout-flex\">\n<figure class=\"wp-block-image size-full\" id=\"goodies\"><img loading=\"lazy\" decoding=\"async\" width=\"700\" height=\"1050\" data-id=\"1184\" src=\"https:\/\/www.hego-for-boutiques.com\/Site2025\/wp-content\/uploads\/2025\/06\/porte-carte-cuir.jpg\" alt=\"porte carte en cuir pour cadeau client\" class=\"wp-image-1184\" srcset=\"https:\/\/www.hego-for-boutiques.com\/Site2025\/wp-content\/uploads\/2025\/06\/porte-carte-cuir.jpg 700w, https:\/\/www.hego-for-boutiques.com\/Site2025\/wp-content\/uploads\/2025\/06\/porte-carte-cuir-640x960.jpg 640w, https:\/\/www.hego-for-boutiques.com\/Site2025\/wp-content\/uploads\/2025\/06\/porte-carte-cuir-480x720.jpg 480w\" sizes=\"auto, (max-width: 700px) 100vw, 700px\" \/><\/figure>\n\n\n\n<figure class=\"wp-block-image size-full\"><img loading=\"lazy\" decoding=\"async\" width=\"700\" height=\"1050\" data-id=\"1191\" src=\"https:\/\/www.hego-for-boutiques.com\/Site2025\/wp-content\/uploads\/2025\/06\/pochette-cuir.jpg\" alt=\"pochette de voyage en cuir italien\" class=\"wp-image-1191\" srcset=\"https:\/\/www.hego-for-boutiques.com\/Site2025\/wp-content\/uploads\/2025\/06\/pochette-cuir.jpg 700w, https:\/\/www.hego-for-boutiques.com\/Site2025\/wp-content\/uploads\/2025\/06\/pochette-cuir-640x960.jpg 640w, https:\/\/www.hego-for-boutiques.com\/Site2025\/wp-content\/uploads\/2025\/06\/pochette-cuir-480x720.jpg 480w\" sizes=\"auto, (max-width: 700px) 100vw, 700px\" \/><\/figure>\n\n\n\n<figure class=\"wp-block-image size-full\"><img loading=\"lazy\" decoding=\"async\" width=\"700\" height=\"1050\" data-id=\"1228\" src=\"https:\/\/www.hego-for-boutiques.com\/Site2025\/wp-content\/uploads\/2025\/06\/etui-en-cuir-pour-mouchoirs-papier.jpg\" alt=\"Etui en cuir pour mouchoirs en papier\" class=\"wp-image-1228\" srcset=\"https:\/\/www.hego-for-boutiques.com\/Site2025\/wp-content\/uploads\/2025\/06\/etui-en-cuir-pour-mouchoirs-papier.jpg 700w, https:\/\/www.hego-for-boutiques.com\/Site2025\/wp-content\/uploads\/2025\/06\/etui-en-cuir-pour-mouchoirs-papier-640x960.jpg 640w, https:\/\/www.hego-for-boutiques.com\/Site2025\/wp-content\/uploads\/2025\/06\/etui-en-cuir-pour-mouchoirs-papier-480x720.jpg 480w\" sizes=\"auto, (max-width: 700px) 100vw, 700px\" \/><\/figure>\n\n\n\n<figure class=\"wp-block-image size-full\" id=\"goodies\"><img loading=\"lazy\" decoding=\"async\" width=\"700\" height=\"1050\" data-id=\"1197\" src=\"https:\/\/www.hego-for-boutiques.com\/Site2025\/wp-content\/uploads\/2025\/06\/protege-club-golf-fer.jpg\" alt=\"prot\u00e8ge club de golf, fer, en cuir\" class=\"wp-image-1197\" srcset=\"https:\/\/www.hego-for-boutiques.com\/Site2025\/wp-content\/uploads\/2025\/06\/protege-club-golf-fer.jpg 700w, https:\/\/www.hego-for-boutiques.com\/Site2025\/wp-content\/uploads\/2025\/06\/protege-club-golf-fer-640x960.jpg 640w, https:\/\/www.hego-for-boutiques.com\/Site2025\/wp-content\/uploads\/2025\/06\/protege-club-golf-fer-480x720.jpg 480w\" sizes=\"auto, (max-width: 700px) 100vw, 700px\" \/><\/figure>\n\n\n\n<figure class=\"wp-block-image size-full\"><img loading=\"lazy\" decoding=\"async\" width=\"700\" height=\"1050\" data-id=\"1276\" src=\"https:\/\/www.hego-for-boutiques.com\/Site2025\/wp-content\/uploads\/2025\/07\/cover-club-golf-cuir.jpg\" alt=\"\" class=\"wp-image-1276\" srcset=\"https:\/\/www.hego-for-boutiques.com\/Site2025\/wp-content\/uploads\/2025\/07\/cover-club-golf-cuir.jpg 700w, https:\/\/www.hego-for-boutiques.com\/Site2025\/wp-content\/uploads\/2025\/07\/cover-club-golf-cuir-640x960.jpg 640w, https:\/\/www.hego-for-boutiques.com\/Site2025\/wp-content\/uploads\/2025\/07\/cover-club-golf-cuir-480x720.jpg 480w\" sizes=\"auto, (max-width: 700px) 100vw, 700px\" \/><\/figure>\n\n\n\n<figure class=\"wp-block-image size-full\"><img loading=\"lazy\" decoding=\"async\" width=\"700\" height=\"1050\" data-id=\"1274\" src=\"https:\/\/www.hego-for-boutiques.com\/Site2025\/wp-content\/uploads\/2025\/07\/fourre-tout-cuir-pu.jpg\" alt=\"\" class=\"wp-image-1274\" srcset=\"https:\/\/www.hego-for-boutiques.com\/Site2025\/wp-content\/uploads\/2025\/07\/fourre-tout-cuir-pu.jpg 700w, https:\/\/www.hego-for-boutiques.com\/Site2025\/wp-content\/uploads\/2025\/07\/fourre-tout-cuir-pu-640x960.jpg 640w, https:\/\/www.hego-for-boutiques.com\/Site2025\/wp-content\/uploads\/2025\/07\/fourre-tout-cuir-pu-480x720.jpg 480w\" sizes=\"auto, (max-width: 700px) 100vw, 700px\" \/><\/figure>\n<\/figure>\n<\/div>\n\n<div class=\"alignwide-wrap\" data-block=\"columns\">\n<div class=\"wp-block-columns alignwide has-palette-3-color has-palette-2-background-color has-text-color has-background\">\n<div class=\"wp-block-column\" style=\"flex-basis:66.66%\">\n<h2 class=\"wp-block-heading is-style-uppercase has-palette-3-color has-text-color has-extra-large-font-size\"><strong>CADEAUX CLIENT ET GOODIES<\/strong><\/h2>\n\n\n\n<p class=\"has-normal-font-size\">Renforcez votre image de marque avec des goodies qui marquent les esprits ! Du porte-cartes au porte-passeport, en passant par les pochettes et chausse-pieds, offrez \u00e0 vos clients des objets utiles et m\u00e9morables. Personnalisation possible pour un impact maximal. Contactez-nous pour un devis et des id\u00e9es sur-mesure.<\/p>\n<\/div>\n\n\n\n<div class=\"wp-block-column\" style=\"flex-basis:33.33%\">\n<p>Personnalisez avec votre logo emboss\u00e9 brod\u00e9 ou imprim\u00e9.<\/p>\n\n\n\n<p class=\"has-small-font-size\">*Minimum 50 unit\u00e9s par mod\u00e8les<\/p>\n\n\n\n<div class=\"wp-block-buttons is-layout-flex wp-block-buttons-is-layout-flex\">\n<div class=\"wp-block-button\"><a class=\"wp-block-button__link has-palette-2-color has-palette-1-background-color has-text-color has-background wp-element-button\" href=\"mailto:karine@hego-for-boutiques.com\">ENVOYER UNE DEMANDE<\/a><\/div>\n<\/div>\n<\/div>\n<\/div>\n<\/div><\/div><\/div>\n\n\n\n<div style=\"height:100px\" aria-hidden=\"true\" class=\"wp-block-spacer\"><\/div>\n\n\n<div class=\"alignwide-wrap\" data-block=\"columns\">\n<div class=\"wp-block-columns alignwide\"><\/div>\n<\/div>","protected":false},"excerpt":{"rendered":"<div class=\"entry-summary\">\nACCESSOIRES POUR BOUTIQUES Rehaussez l&rsquo;\u00e9l\u00e9gance de vos pr\u00e9sentations avec des accessoires de luxe con\u00e7us sur mesure. Destin\u00e9s aux boutiques les plus raffin\u00e9es et aux palaces h\u00f4tels, nos cr\u00e9ations sont \u00e9labor\u00e9es \u00e0 partir&hellip;\n<\/div>\n<div class=\"link-more-container\"><a href=\"https:\/\/www.hego-for-boutiques.com\/Site2025\/le-sur-mesure-en-cuir\/\" class=\"link-more\" aria-label=\"Continue reading Accessoires en cuir\">Continue reading&hellip;<\/a><\/div>\n","protected":false},"author":1,"featured_media":0,"parent":0,"menu_order":0,"comment_status":"closed","ping_status":"closed","template":"templates\/no-intro.php","meta":{"footnotes":""},"class_list":["post-1126","page","type-page","status-publish","hentry","entry","entry-type-page"],"_links":{"self":[{"href":"https:\/\/www.hego-for-boutiques.com\/Site2025\/wp-json\/wp\/v2\/pages\/1126","targetHints":{"allow":["GET"]}}],"collection":[{"href":"https:\/\/www.hego-for-boutiques.com\/Site2025\/wp-json\/wp\/v2\/pages"}],"about":[{"href":"https:\/\/www.hego-for-boutiques.com\/Site2025\/wp-json\/wp\/v2\/types\/page"}],"author":[{"embeddable":true,"href":"https:\/\/www.hego-for-boutiques.com\/Site2025\/wp-json\/wp\/v2\/users\/1"}],"replies":[{"embeddable":true,"href":"https:\/\/www.hego-for-boutiques.com\/Site2025\/wp-json\/wp\/v2\/comments?post=1126"}],"version-history":[{"count":29,"href":"https:\/\/www.hego-for-boutiques.com\/Site2025\/wp-json\/wp\/v2\/pages\/1126\/revisions"}],"predecessor-version":[{"id":1278,"href":"https:\/\/www.hego-for-boutiques.com\/Site2025\/wp-json\/wp\/v2\/pages\/1126\/revisions\/1278"}],"wp:attachment":[{"href":"https:\/\/www.hego-for-boutiques.com\/Site2025\/wp-json\/wp\/v2\/media?parent=1126"}],"curies":[{"name":"wp","href":"https:\/\/api.w.org\/{rel}","templated":true}]}}