{"id":1049,"date":"2025-05-23T14:46:55","date_gmt":"2025-05-23T12:46:55","guid":{"rendered":"https:\/\/www.hego-for-boutiques.com\/Site2025\/?page_id=1049"},"modified":"2025-07-21T10:55:34","modified_gmt":"2025-07-21T08:55:34","slug":"les-cintres","status":"publish","type":"page","link":"https:\/\/www.hego-for-boutiques.com\/Site2025\/les-cintres\/","title":{"rendered":"Les cintres"},"content":{"rendered":"\n<div class=\"wp-block-cover alignfull is-light has-palette-2-background-color\" style=\"min-height:395px;aspect-ratio:unset;\"><img loading=\"lazy\" decoding=\"async\" width=\"1400\" height=\"983\" class=\"wp-block-cover__image-background wp-image-1070 size-large\" alt=\"cintres pour boutiques et hotels\" src=\"https:\/\/www.hego-for-boutiques.com\/Site2025\/wp-content\/uploads\/2025\/05\/cintres-pour-boutiques-1400x983.jpg\" data-object-fit=\"cover\" srcset=\"https:\/\/www.hego-for-boutiques.com\/Site2025\/wp-content\/uploads\/2025\/05\/cintres-pour-boutiques-1400x983.jpg 1400w, https:\/\/www.hego-for-boutiques.com\/Site2025\/wp-content\/uploads\/2025\/05\/cintres-pour-boutiques-640x450.jpg 640w, https:\/\/www.hego-for-boutiques.com\/Site2025\/wp-content\/uploads\/2025\/05\/cintres-pour-boutiques-480x337.jpg 480w, https:\/\/www.hego-for-boutiques.com\/Site2025\/wp-content\/uploads\/2025\/05\/cintres-pour-boutiques-768x539.jpg 768w, https:\/\/www.hego-for-boutiques.com\/Site2025\/wp-content\/uploads\/2025\/05\/cintres-pour-boutiques-1536x1079.jpg 1536w, https:\/\/www.hego-for-boutiques.com\/Site2025\/wp-content\/uploads\/2025\/05\/cintres-pour-boutiques-2048x1439.jpg 2048w\" sizes=\"auto, (max-width: 1400px) 100vw, 1400px\" \/><span aria-hidden=\"true\" class=\"wp-block-cover__background has-background-dim-0 has-background-dim\" style=\"background-color:#d9d0c8\"><\/span><div class=\"wp-block-cover__inner-container is-layout-flow wp-block-cover-is-layout-flow\">\n<div style=\"height:100px\" aria-hidden=\"true\" class=\"wp-block-spacer has-20vmax-min-height\"><\/div>\n\n\n<div class=\"alignwide-wrap\" data-block=\"columns\">\n<div class=\"wp-block-columns alignwide\">\n<div class=\"wp-block-column\" style=\"flex-basis:61.8%\">\n<h1 class=\"wp-block-heading has-palette-2-color has-text-color has-link-color wp-elements-cb58bb3c638b710b519a446245ba5f86\">LES CINTRES<\/h1>\n\n\n\n<p class=\"has-palette-2-color has-text-color has-link-color has-normal-font-size wp-elements-6855d9065e19a8e43b1c730c5a19320b\"><strong>PRODUCTIONS SUR MESURE<\/strong> : donnez vie \u00e0 vos id\u00e9es. Sur la base de vos instructions, d&rsquo;\u00e9chantillons ou de nos propositions cr\u00e9atives, nous r\u00e9alisons des cintres parfaitement adapt\u00e9s \u00e0 vos besoins, \u00e0 votre esth\u00e9tique et \u00e0 votre budget. Un d\u00e9lai de 1,5 \u00e0 3 mois est \u00e0 pr\u00e9voir pour la fabrication de cintres enti\u00e8rement personnalis\u00e9s.<\/p>\n<\/div>\n\n\n\n<div class=\"wp-block-column\" style=\"flex-basis:38.2%\"><\/div>\n<\/div>\n<\/div><\/div><\/div>\n\n\n\n<div class=\"wp-block-group alignfull\"><div class=\"wp-block-group__inner-container is-layout-constrained wp-block-group-is-layout-constrained\"><\/div><\/div>\n\n\n\n<div class=\"wp-block-group alignfull\"><div class=\"wp-block-group__inner-container is-layout-flow wp-block-group-is-layout-flow\"><div class=\"alignwide-wrap\" data-block=\"gallery\">\n<figure class=\"wp-block-gallery alignwide has-nested-images columns-default is-cropped is-style-no-gaps has-no-margin-bottom wp-block-gallery-1 is-layout-flex wp-block-gallery-is-layout-flex\">\n<figure class=\"wp-block-image size-full\" id=\"cintres-bois\"><img loading=\"lazy\" decoding=\"async\" width=\"700\" height=\"1050\" data-id=\"1105\" src=\"https:\/\/www.hego-for-boutiques.com\/Site2025\/wp-content\/uploads\/2025\/05\/cintre-bois-col-creuse-2.jpg\" alt=\"\" class=\"wp-image-1105\" srcset=\"https:\/\/www.hego-for-boutiques.com\/Site2025\/wp-content\/uploads\/2025\/05\/cintre-bois-col-creuse-2.jpg 700w, https:\/\/www.hego-for-boutiques.com\/Site2025\/wp-content\/uploads\/2025\/05\/cintre-bois-col-creuse-2-640x960.jpg 640w, https:\/\/www.hego-for-boutiques.com\/Site2025\/wp-content\/uploads\/2025\/05\/cintre-bois-col-creuse-2-480x720.jpg 480w\" sizes=\"auto, (max-width: 700px) 100vw, 700px\" \/><\/figure>\n\n\n\n<figure class=\"wp-block-image size-full\"><img loading=\"lazy\" decoding=\"async\" width=\"700\" height=\"1050\" data-id=\"1132\" src=\"https:\/\/www.hego-for-boutiques.com\/Site2025\/wp-content\/uploads\/2025\/05\/cintre-bois-brosse-crochet-plat.jpg\" alt=\"cintre en bois bross\u00e9 avec crochet plat\" class=\"wp-image-1132\" srcset=\"https:\/\/www.hego-for-boutiques.com\/Site2025\/wp-content\/uploads\/2025\/05\/cintre-bois-brosse-crochet-plat.jpg 700w, https:\/\/www.hego-for-boutiques.com\/Site2025\/wp-content\/uploads\/2025\/05\/cintre-bois-brosse-crochet-plat-640x960.jpg 640w, https:\/\/www.hego-for-boutiques.com\/Site2025\/wp-content\/uploads\/2025\/05\/cintre-bois-brosse-crochet-plat-480x720.jpg 480w\" sizes=\"auto, (max-width: 700px) 100vw, 700px\" \/><\/figure>\n\n\n\n<figure class=\"wp-block-image size-full\"><img loading=\"lazy\" decoding=\"async\" width=\"700\" height=\"1050\" data-id=\"1139\" src=\"https:\/\/www.hego-for-boutiques.com\/Site2025\/wp-content\/uploads\/2025\/05\/cintre-bois-vernis-naturel.jpg\" alt=\"\" class=\"wp-image-1139\" srcset=\"https:\/\/www.hego-for-boutiques.com\/Site2025\/wp-content\/uploads\/2025\/05\/cintre-bois-vernis-naturel.jpg 700w, https:\/\/www.hego-for-boutiques.com\/Site2025\/wp-content\/uploads\/2025\/05\/cintre-bois-vernis-naturel-640x960.jpg 640w, https:\/\/www.hego-for-boutiques.com\/Site2025\/wp-content\/uploads\/2025\/05\/cintre-bois-vernis-naturel-480x720.jpg 480w\" sizes=\"auto, (max-width: 700px) 100vw, 700px\" \/><\/figure>\n\n\n\n<figure class=\"wp-block-image size-full\"><img loading=\"lazy\" decoding=\"async\" width=\"700\" height=\"1050\" data-id=\"1135\" src=\"https:\/\/www.hego-for-boutiques.com\/Site2025\/wp-content\/uploads\/2025\/05\/cintre-bois-teinte.jpg\" alt=\"cintre pour boutique en bois teinte\" class=\"wp-image-1135\" srcset=\"https:\/\/www.hego-for-boutiques.com\/Site2025\/wp-content\/uploads\/2025\/05\/cintre-bois-teinte.jpg 700w, https:\/\/www.hego-for-boutiques.com\/Site2025\/wp-content\/uploads\/2025\/05\/cintre-bois-teinte-640x960.jpg 640w, https:\/\/www.hego-for-boutiques.com\/Site2025\/wp-content\/uploads\/2025\/05\/cintre-bois-teinte-480x720.jpg 480w\" sizes=\"auto, (max-width: 700px) 100vw, 700px\" \/><\/figure>\n\n\n\n<figure class=\"wp-block-image size-full\"><img loading=\"lazy\" decoding=\"async\" width=\"700\" height=\"1050\" data-id=\"1137\" src=\"https:\/\/www.hego-for-boutiques.com\/Site2025\/wp-content\/uploads\/2025\/05\/cintre-bois-brut-gros-epaule.jpg\" alt=\"cintre en bois pour boutique de luxe\" class=\"wp-image-1137\" srcset=\"https:\/\/www.hego-for-boutiques.com\/Site2025\/wp-content\/uploads\/2025\/05\/cintre-bois-brut-gros-epaule.jpg 700w, https:\/\/www.hego-for-boutiques.com\/Site2025\/wp-content\/uploads\/2025\/05\/cintre-bois-brut-gros-epaule-640x960.jpg 640w, https:\/\/www.hego-for-boutiques.com\/Site2025\/wp-content\/uploads\/2025\/05\/cintre-bois-brut-gros-epaule-480x720.jpg 480w\" sizes=\"auto, (max-width: 700px) 100vw, 700px\" \/><\/figure>\n\n\n\n<figure class=\"wp-block-image size-full\"><img loading=\"lazy\" decoding=\"async\" width=\"700\" height=\"1050\" data-id=\"1114\" src=\"https:\/\/www.hego-for-boutiques.com\/Site2025\/wp-content\/uploads\/2025\/05\/cintre-hotel-crochet-antivol-luxe.jpg\" alt=\"cintre hotel crochet antivol\" class=\"wp-image-1114\" srcset=\"https:\/\/www.hego-for-boutiques.com\/Site2025\/wp-content\/uploads\/2025\/05\/cintre-hotel-crochet-antivol-luxe.jpg 700w, https:\/\/www.hego-for-boutiques.com\/Site2025\/wp-content\/uploads\/2025\/05\/cintre-hotel-crochet-antivol-luxe-640x960.jpg 640w, https:\/\/www.hego-for-boutiques.com\/Site2025\/wp-content\/uploads\/2025\/05\/cintre-hotel-crochet-antivol-luxe-480x720.jpg 480w\" sizes=\"auto, (max-width: 700px) 100vw, 700px\" \/><\/figure>\n<\/figure>\n<\/div>\n\n<div class=\"alignwide-wrap\" data-block=\"columns\">\n<div class=\"wp-block-columns alignwide has-palette-3-color has-palette-2-background-color has-text-color has-background\">\n<div class=\"wp-block-column\" style=\"flex-basis:66.66%\">\n<h2 class=\"wp-block-heading is-style-uppercase has-palette-3-color has-text-color has-extra-large-font-size\"><strong><a href=\"#0\">Cintres en bois<\/a><\/strong><\/h2>\n\n\n\n<p class=\"has-normal-font-size\">Bois brut, teint\u00e9 ou laqu\u00e9, choisissez la forme, les dimensions et l&rsquo;essence qui correspondent \u00e0 votre design. Envoyez-nous vos plans ou vos \u00e9chantillons, et nous reproduirons fid\u00e8lement vos cintres ou bien parlez-nous de vos besoins et imp\u00e9ratifs et nous vous guiderons dans le choix du cintre parfait.<\/p>\n<\/div>\n\n\n\n<div class=\"wp-block-column\" style=\"flex-basis:33.33%\">\n<p class=\"has-normal-font-size\">Ajoutez les options n\u00e9cessaires telles qu&rsquo;une barre, des pinces, un antiglisse ou des encoches, sans oublier votre logo.<\/p>\n\n\n\n<p class=\"has-small-font-size\">*Minimum 350 \u00e0 500 cintres par r\u00e9f\u00e9rence<\/p>\n\n\n\n<div class=\"wp-block-buttons is-layout-flex wp-block-buttons-is-layout-flex\">\n<div class=\"wp-block-button\"><a class=\"wp-block-button__link has-palette-2-color has-palette-1-background-color has-text-color has-background wp-element-button\" href=\"mailto:info@hego-for-botuiques.com\">ENVOYER UNE DEMANDE<\/a><\/div>\n<\/div>\n<\/div>\n<\/div>\n<\/div><\/div><\/div>\n\n\n\n<div style=\"height:100px\" aria-hidden=\"true\" class=\"wp-block-spacer\"><\/div>\n\n\n\n<div class=\"wp-block-group alignfull\"><div class=\"wp-block-group__inner-container is-layout-flow wp-block-group-is-layout-flow\"><div class=\"alignwide-wrap\" data-block=\"gallery\">\n<figure class=\"wp-block-gallery alignwide has-nested-images columns-default is-cropped is-style-no-gaps has-no-margin-bottom wp-block-gallery-2 is-layout-flex wp-block-gallery-is-layout-flex\">\n<figure class=\"wp-block-image size-full\"><img loading=\"lazy\" decoding=\"async\" width=\"700\" height=\"1050\" data-id=\"1064\" src=\"https:\/\/www.hego-for-boutiques.com\/Site2025\/wp-content\/uploads\/2025\/05\/cintre-hotel-bois-brut.jpg\" alt=\"cintre pour hotel bois brut\" class=\"wp-image-1064\" srcset=\"https:\/\/www.hego-for-boutiques.com\/Site2025\/wp-content\/uploads\/2025\/05\/cintre-hotel-bois-brut.jpg 700w, https:\/\/www.hego-for-boutiques.com\/Site2025\/wp-content\/uploads\/2025\/05\/cintre-hotel-bois-brut-640x960.jpg 640w, https:\/\/www.hego-for-boutiques.com\/Site2025\/wp-content\/uploads\/2025\/05\/cintre-hotel-bois-brut-480x720.jpg 480w\" sizes=\"auto, (max-width: 700px) 100vw, 700px\" \/><\/figure>\n\n\n\n<figure class=\"wp-block-image size-full\"><img loading=\"lazy\" decoding=\"async\" width=\"700\" height=\"1050\" data-id=\"1061\" src=\"https:\/\/www.hego-for-boutiques.com\/Site2025\/wp-content\/uploads\/2025\/05\/cintre-hotel-barre-.jpg\" alt=\"cintres pour hotel avec barre antiglisse\" class=\"wp-image-1061\" srcset=\"https:\/\/www.hego-for-boutiques.com\/Site2025\/wp-content\/uploads\/2025\/05\/cintre-hotel-barre-.jpg 700w, https:\/\/www.hego-for-boutiques.com\/Site2025\/wp-content\/uploads\/2025\/05\/cintre-hotel-barre--640x960.jpg 640w, https:\/\/www.hego-for-boutiques.com\/Site2025\/wp-content\/uploads\/2025\/05\/cintre-hotel-barre--480x720.jpg 480w\" sizes=\"auto, (max-width: 700px) 100vw, 700px\" \/><\/figure>\n\n\n\n<figure class=\"wp-block-image size-full\"><img loading=\"lazy\" decoding=\"async\" width=\"700\" height=\"1050\" data-id=\"1088\" src=\"https:\/\/www.hego-for-boutiques.com\/Site2025\/wp-content\/uploads\/2025\/05\/cintres-hotel-.jpg\" alt=\"cintres en bois pour boutique et hotel\" class=\"wp-image-1088\" srcset=\"https:\/\/www.hego-for-boutiques.com\/Site2025\/wp-content\/uploads\/2025\/05\/cintres-hotel-.jpg 700w, https:\/\/www.hego-for-boutiques.com\/Site2025\/wp-content\/uploads\/2025\/05\/cintres-hotel--640x960.jpg 640w, https:\/\/www.hego-for-boutiques.com\/Site2025\/wp-content\/uploads\/2025\/05\/cintres-hotel--480x720.jpg 480w\" sizes=\"auto, (max-width: 700px) 100vw, 700px\" \/><\/figure>\n<\/figure>\n<\/div>\n\n<div class=\"alignwide-wrap\" data-block=\"columns\">\n<div class=\"wp-block-columns alignwide has-palette-3-color has-palette-2-background-color has-text-color has-background\">\n<div class=\"wp-block-column\" style=\"flex-basis:66.66%\">\n<h2 class=\"wp-block-heading is-style-uppercase has-palette-3-color has-text-color has-extra-large-font-size\"><strong><a href=\"#0\">Cintres en bois classiques<\/a><\/strong><\/h2>\n\n\n\n<p class=\"has-normal-font-size\">Des cintres en bois aux formes plus classiques pour de plus grandes quantit\u00e9s, la solution id\u00e9ale pour les projets h\u00f4teliers et les marques fashion. <\/p>\n<\/div>\n\n\n\n<div class=\"wp-block-column\" style=\"flex-basis:33.33%\">\n<p>Ajoutez les options n\u00e9cessaires telles qu&rsquo;une barre, des pinces, un antiglisse ou des encoches, sans oublier votre logo.<\/p>\n\n\n\n<p class=\"has-small-font-size\">*Minimum 500 \u00e0 1000 cintres par r\u00e9f\u00e9rence<\/p>\n\n\n\n<div class=\"wp-block-buttons is-layout-flex wp-block-buttons-is-layout-flex\">\n<div class=\"wp-block-button\"><a class=\"wp-block-button__link has-palette-2-color has-palette-1-background-color has-text-color has-background wp-element-button\" href=\"mailto:info@hego-for-botuiques.com\">Envoyer une demande<\/a><\/div>\n<\/div>\n<\/div>\n<\/div>\n<\/div><\/div><\/div>\n\n\n\n<div class=\"wp-block-group alignfull\"><div class=\"wp-block-group__inner-container is-layout-flow wp-block-group-is-layout-flow\"><div class=\"alignwide-wrap\" data-block=\"gallery\">\n<figure class=\"wp-block-gallery alignwide has-nested-images columns-default is-cropped is-style-no-gaps has-no-margin-bottom wp-block-gallery-3 is-layout-flex wp-block-gallery-is-layout-flex\">\n<figure class=\"wp-block-image size-full\" id=\"cintre-plexi\"><img loading=\"lazy\" decoding=\"async\" width=\"700\" height=\"1050\" data-id=\"1091\" src=\"https:\/\/www.hego-for-boutiques.com\/Site2025\/wp-content\/uploads\/2025\/05\/cintre-pexiglass.jpg\" alt=\"cintres pexiglass acrylique\" class=\"wp-image-1091\" srcset=\"https:\/\/www.hego-for-boutiques.com\/Site2025\/wp-content\/uploads\/2025\/05\/cintre-pexiglass.jpg 700w, https:\/\/www.hego-for-boutiques.com\/Site2025\/wp-content\/uploads\/2025\/05\/cintre-pexiglass-640x960.jpg 640w, https:\/\/www.hego-for-boutiques.com\/Site2025\/wp-content\/uploads\/2025\/05\/cintre-pexiglass-480x720.jpg 480w\" sizes=\"auto, (max-width: 700px) 100vw, 700px\" \/><\/figure>\n\n\n\n<figure class=\"wp-block-image size-full\"><img loading=\"lazy\" decoding=\"async\" width=\"700\" height=\"1050\" data-id=\"1095\" src=\"https:\/\/www.hego-for-boutiques.com\/Site2025\/wp-content\/uploads\/2025\/05\/cintre-resine-or.jpg\" alt=\"cintre en r\u00e9sine coul\u00e9e avec feuilles d'or ins\u00e9r\u00e9es\" class=\"wp-image-1095\" srcset=\"https:\/\/www.hego-for-boutiques.com\/Site2025\/wp-content\/uploads\/2025\/05\/cintre-resine-or.jpg 700w, https:\/\/www.hego-for-boutiques.com\/Site2025\/wp-content\/uploads\/2025\/05\/cintre-resine-or-640x960.jpg 640w, https:\/\/www.hego-for-boutiques.com\/Site2025\/wp-content\/uploads\/2025\/05\/cintre-resine-or-480x720.jpg 480w\" sizes=\"auto, (max-width: 700px) 100vw, 700px\" \/><\/figure>\n\n\n\n<figure class=\"wp-block-image size-full\"><img loading=\"lazy\" decoding=\"async\" width=\"700\" height=\"1050\" data-id=\"1096\" src=\"https:\/\/www.hego-for-boutiques.com\/Site2025\/wp-content\/uploads\/2025\/05\/cintre-acrylique.jpg\" alt=\"cintres en acrylique transparent\" class=\"wp-image-1096\" srcset=\"https:\/\/www.hego-for-boutiques.com\/Site2025\/wp-content\/uploads\/2025\/05\/cintre-acrylique.jpg 700w, https:\/\/www.hego-for-boutiques.com\/Site2025\/wp-content\/uploads\/2025\/05\/cintre-acrylique-640x960.jpg 640w, https:\/\/www.hego-for-boutiques.com\/Site2025\/wp-content\/uploads\/2025\/05\/cintre-acrylique-480x720.jpg 480w\" sizes=\"auto, (max-width: 700px) 100vw, 700px\" \/><\/figure>\n<\/figure>\n<\/div>\n\n<div class=\"alignwide-wrap\" data-block=\"columns\">\n<div class=\"wp-block-columns alignwide has-palette-3-color has-palette-2-background-color has-text-color has-background\">\n<div class=\"wp-block-column\" style=\"flex-basis:66.66%\">\n<h2 class=\"wp-block-heading is-style-uppercase has-palette-3-color has-text-color has-extra-large-font-size\"><strong><a href=\"#0\">CINTRES EN PLEXIGLASS<\/a><\/strong><\/h2>\n\n\n\n<p class=\"has-normal-font-size\"><strong>La transparence au service de l&rsquo;esth\u00e9tique.<\/strong> Apportez une touche de modernit\u00e9 et de l\u00e9g\u00e8ret\u00e9 \u00e0 vos boutiques gr\u00e2ce \u00e0 nos cintres \u00e9l\u00e9gants en Plexiglass transparent. Contactez-nous pour d\u00e9couvrir l&rsquo;ensemble des formes et options disponibles.<\/p>\n<\/div>\n\n\n\n<div class=\"wp-block-column\" style=\"flex-basis:33.33%\">\n<p>Ajoutez votre logo pour un cintre \u00e0 l&rsquo;image de votre boutique.<\/p>\n\n\n\n<p class=\"has-small-font-size\">*Minimum 100 \u00e0 300 cintres par r\u00e9f\u00e9rence<\/p>\n\n\n\n<div class=\"wp-block-buttons is-layout-flex wp-block-buttons-is-layout-flex\">\n<div class=\"wp-block-button\"><a class=\"wp-block-button__link has-palette-2-color has-palette-1-background-color has-text-color has-background wp-element-button\" href=\"mailto:karine@hego-for-boutiques.com\">ENVOYER UNE DEMANDE<\/a><\/div>\n<\/div>\n<\/div>\n<\/div>\n<\/div><\/div><\/div>\n\n\n\n<div class=\"wp-block-group alignfull\"><div class=\"wp-block-group__inner-container is-layout-flow wp-block-group-is-layout-flow\"><div class=\"alignwide-wrap\" data-block=\"gallery\">\n<figure class=\"wp-block-gallery alignwide has-nested-images columns-default is-cropped is-style-no-gaps has-no-margin-bottom wp-block-gallery-4 is-layout-flex wp-block-gallery-is-layout-flex\">\n<figure class=\"wp-block-image size-full\" id=\"cintres-metal\"><img loading=\"lazy\" decoding=\"async\" width=\"700\" height=\"1050\" data-id=\"1117\" src=\"https:\/\/www.hego-for-boutiques.com\/Site2025\/wp-content\/uploads\/2025\/05\/cintre-metal-noir-or.jpg\" alt=\"cintres metal\" class=\"wp-image-1117\" srcset=\"https:\/\/www.hego-for-boutiques.com\/Site2025\/wp-content\/uploads\/2025\/05\/cintre-metal-noir-or.jpg 700w, https:\/\/www.hego-for-boutiques.com\/Site2025\/wp-content\/uploads\/2025\/05\/cintre-metal-noir-or-640x960.jpg 640w, https:\/\/www.hego-for-boutiques.com\/Site2025\/wp-content\/uploads\/2025\/05\/cintre-metal-noir-or-480x720.jpg 480w\" sizes=\"auto, (max-width: 700px) 100vw, 700px\" \/><\/figure>\n\n\n\n<figure class=\"wp-block-image size-full\"><img loading=\"lazy\" decoding=\"async\" width=\"700\" height=\"1050\" data-id=\"1119\" src=\"https:\/\/www.hego-for-boutiques.com\/Site2025\/wp-content\/uploads\/2025\/05\/cintres-aluminium.jpg\" alt=\"cintres aluminium couleurs\" class=\"wp-image-1119\" srcset=\"https:\/\/www.hego-for-boutiques.com\/Site2025\/wp-content\/uploads\/2025\/05\/cintres-aluminium.jpg 700w, https:\/\/www.hego-for-boutiques.com\/Site2025\/wp-content\/uploads\/2025\/05\/cintres-aluminium-640x960.jpg 640w, https:\/\/www.hego-for-boutiques.com\/Site2025\/wp-content\/uploads\/2025\/05\/cintres-aluminium-480x720.jpg 480w\" sizes=\"auto, (max-width: 700px) 100vw, 700px\" \/><\/figure>\n\n\n\n<figure class=\"wp-block-image size-full\"><img loading=\"lazy\" decoding=\"async\" width=\"700\" height=\"1050\" data-id=\"1118\" src=\"https:\/\/www.hego-for-boutiques.com\/Site2025\/wp-content\/uploads\/2025\/05\/cintre-metal-vieilli.jpg\" alt=\"cintre pinces m\u00e9tal vieilli\" class=\"wp-image-1118\" srcset=\"https:\/\/www.hego-for-boutiques.com\/Site2025\/wp-content\/uploads\/2025\/05\/cintre-metal-vieilli.jpg 700w, https:\/\/www.hego-for-boutiques.com\/Site2025\/wp-content\/uploads\/2025\/05\/cintre-metal-vieilli-640x960.jpg 640w, https:\/\/www.hego-for-boutiques.com\/Site2025\/wp-content\/uploads\/2025\/05\/cintre-metal-vieilli-480x720.jpg 480w\" sizes=\"auto, (max-width: 700px) 100vw, 700px\" \/><\/figure>\n<\/figure>\n<\/div>\n\n<div class=\"alignwide-wrap\" data-block=\"columns\">\n<div class=\"wp-block-columns alignwide has-palette-3-color has-palette-2-background-color has-text-color has-background\">\n<div class=\"wp-block-column\" style=\"flex-basis:66.66%\">\n<h2 class=\"wp-block-heading is-style-uppercase has-palette-3-color has-text-color has-extra-large-font-size\"><strong><a href=\"#0\">CINTRES EN M\u00c9TAL<\/a><\/strong><\/h2>\n\n\n\n<p class=\"has-normal-font-size\"><strong>Lignes contemporaines et robustesse.<\/strong> <\/p>\n\n\n\n<p class=\"has-normal-font-size\">Affirmez votre style avec nos cintres aux lignes modernes, parfaits pour les boutiques et les h\u00f4tels. Contactez-nous pour explorer toutes les possibilit\u00e9s.<\/p>\n<\/div>\n\n\n\n<div class=\"wp-block-column\" style=\"flex-basis:33.33%\">\n<p>Ajoutez votre logo pour un cintre \u00e0 l&rsquo;image de votre boutique.<\/p>\n\n\n\n<p class=\"has-small-font-size\">*Minimum 1000 cintres par r\u00e9f\u00e9rence<\/p>\n\n\n\n<div class=\"wp-block-buttons is-layout-flex wp-block-buttons-is-layout-flex\">\n<div class=\"wp-block-button\"><a class=\"wp-block-button__link has-palette-2-color has-palette-1-background-color has-text-color has-background wp-element-button\" href=\"mailto:karine@hego-for-boutiques.com\">ENVOYER UNE DEMANDE<\/a><\/div>\n<\/div>\n<\/div>\n<\/div>\n<\/div><\/div><\/div>\n\n\n\n<div style=\"height:100px\" aria-hidden=\"true\" class=\"wp-block-spacer\"><\/div>\n\n\n<div class=\"alignwide-wrap\" data-block=\"columns\">\n<div class=\"wp-block-columns alignwide\"><\/div>\n<\/div>","protected":false},"excerpt":{"rendered":"<div class=\"entry-summary\">\nCintres en bois Bois brut, teint\u00e9 ou laqu\u00e9, choisissez la forme, les dimensions et l&rsquo;essence qui correspondent \u00e0 votre design. Envoyez-nous vos plans ou vos \u00e9chantillons, et nous reproduirons fid\u00e8lement vos cintres&hellip;\n<\/div>\n<div class=\"link-more-container\"><a href=\"https:\/\/www.hego-for-boutiques.com\/Site2025\/les-cintres\/\" class=\"link-more\" aria-label=\"Continue reading Les cintres\">Continue reading&hellip;<\/a><\/div>\n","protected":false},"author":1,"featured_media":0,"parent":0,"menu_order":0,"comment_status":"closed","ping_status":"closed","template":"templates\/no-intro.php","meta":{"footnotes":""},"class_list":["post-1049","page","type-page","status-publish","hentry","entry","entry-type-page"],"_links":{"self":[{"href":"https:\/\/www.hego-for-boutiques.com\/Site2025\/wp-json\/wp\/v2\/pages\/1049","targetHints":{"allow":["GET"]}}],"collection":[{"href":"https:\/\/www.hego-for-boutiques.com\/Site2025\/wp-json\/wp\/v2\/pages"}],"about":[{"href":"https:\/\/www.hego-for-boutiques.com\/Site2025\/wp-json\/wp\/v2\/types\/page"}],"author":[{"embeddable":true,"href":"https:\/\/www.hego-for-boutiques.com\/Site2025\/wp-json\/wp\/v2\/users\/1"}],"replies":[{"embeddable":true,"href":"https:\/\/www.hego-for-boutiques.com\/Site2025\/wp-json\/wp\/v2\/comments?post=1049"}],"version-history":[{"count":42,"href":"https:\/\/www.hego-for-boutiques.com\/Site2025\/wp-json\/wp\/v2\/pages\/1049\/revisions"}],"predecessor-version":[{"id":1267,"href":"https:\/\/www.hego-for-boutiques.com\/Site2025\/wp-json\/wp\/v2\/pages\/1049\/revisions\/1267"}],"wp:attachment":[{"href":"https:\/\/www.hego-for-boutiques.com\/Site2025\/wp-json\/wp\/v2\/media?parent=1049"}],"curies":[{"name":"wp","href":"https:\/\/api.w.org\/{rel}","templated":true}]}}